{"id":860,"date":"2023-04-26T12:42:11","date_gmt":"2023-04-26T12:42:11","guid":{"rendered":"https:\/\/jlfsas.com\/?post_type=product&#038;p=860"},"modified":"2023-05-15T12:44:12","modified_gmt":"2023-05-15T12:44:12","slug":"sikafloor-3-quartz-top","status":"publish","type":"product","link":"https:\/\/jlfsas.com\/?product=sikafloor-3-quartz-top","title":{"rendered":"Sikafloor -3 Quartz Top"},"content":{"rendered":"<p>Sikafloor\u00ae-3 QuartzTop es un producto monocomponente, premezclado, coloreado en polvo a base de agregados minerales inertes de granulometr\u00eda seleccionada,cemento,aditivos y pigmentos que incrementa las resistencias mec\u00e1nicas de los pisos de hormig\u00f3n.<\/p>\n<p><button style=\"background-color: red;\" spellcheck=\"false\" data-lt-tmp-id=\"lt-446323\" data-gramm=\"false\"><a style=\"color: white;\" href=\"http:\/\/jlfsas.com\/wp-content\/uploads\/2023\/04\/sikafloor-3-quartztop-JLF-SAS.pdf\" target=\"_blank\" rel=\"noopener\">Descargar Ficha T\u00e9cnica<\/a> <\/button><\/p>\n","protected":false},"excerpt":{"rendered":"<p>Sikafloor\u00ae-3 QuartzTop es un producto monocomponente, premezclado, coloreado en polvo a base de agregados minerales inertes de granulometr\u00eda seleccionada, cemento, aditivos y pigmentos que incrementa las resistencias mec\u00e1nicas de los pisos de hormig\u00f3n.<\/p>\n","protected":false},"featured_media":861,"comment_status":"open","ping_status":"closed","template":"","meta":[],"product_cat":[28],"product_tag":[],"_links":{"self":[{"href":"https:\/\/jlfsas.com\/index.php?rest_route=\/wp\/v3\/product\/860"}],"collection":[{"href":"https:\/\/jlfsas.com\/index.php?rest_route=\/wp\/v3\/product"}],"about":[{"href":"https:\/\/jlfsas.com\/index.php?rest_route=\/wp\/v2\/types\/product"}],"replies":[{"embeddable":true,"href":"https:\/\/jlfsas.com\/index.php?rest_route=%2Fwp%2Fv2%2Fcomments&post=860"}],"wp:featuredmedia":[{"embeddable":true,"href":"https:\/\/jlfsas.com\/index.php?rest_route=\/wp\/v2\/media\/861"}],"wp:attachment":[{"href":"https:\/\/jlfsas.com\/index.php?rest_route=%2Fwp%2Fv2%2Fmedia&parent=860"}],"wp:term":[{"taxonomy":"product_cat","embeddable":true,"href":"https:\/\/jlfsas.com\/index.php?rest_route=%2Fwp%2Fv2%2Fproduct_cat&post=860"},{"taxonomy":"product_tag","embeddable":true,"href":"https:\/\/jlfsas.com\/index.php?rest_route=%2Fwp%2Fv2%2Fproduct_tag&post=860"}],"curies":[{"name":"wp","href":"https:\/\/api.w.org\/{rel}","templated":true}]}}