{"id":847,"date":"2023-04-24T15:36:50","date_gmt":"2023-04-24T15:36:50","guid":{"rendered":"https:\/\/jlfsas.com\/?post_type=product&#038;p=847"},"modified":"2023-05-15T13:04:54","modified_gmt":"2023-05-15T13:04:54","slug":"sikadur-31-normal","status":"publish","type":"product","link":"https:\/\/jlfsas.com\/?product=sikadur-31-normal","title":{"rendered":"Sikadur -31 Normal"},"content":{"rendered":"<p>Sikadur\u00ae-31 Normal es un adhesivo y mortero estructural de reparaci\u00f3n tixotr\u00f3pico y resistente a humedad, de dos componentes, basado en una combinaci\u00f3n de resinas ep\u00f3xicas y fillers especiales, dise\u00f1ado para ser utilizado a temperaturas entre +10\u00b0C y +30\u00b0C<\/p>\n<p>F\u00e1cil de mezclar y aplicar.<br \/>\nMuy buena adherencia a la mayor\u00eda de los materiales para construcci\u00f3n.<\/p>\n<p><button style=\"background-color: red;\" spellcheck=\"false\" data-lt-tmp-id=\"lt-446323\" data-gramm=\"false\"><a style=\"color: white;\" href=\"http:\/\/jlfsas.com\/wp-content\/uploads\/2023\/04\/sikadur_-31_normal-JLF-SAS.pdf\" target=\"_blank\" rel=\"noopener\">Descargar Ficha T\u00e9cnica<\/a> <\/button><\/p>\n","protected":false},"excerpt":{"rendered":"<p>Sikadur\u00ae-31 Normal\u00a0es un adhesivo y mortero estructural de reparaci\u00f3n tixotr\u00f3pico y resistente a humedad, de dos componentes, basado en una combinaci\u00f3n de resinas ep\u00f3xicas y fillers especiales.<\/p>\n","protected":false},"featured_media":848,"comment_status":"open","ping_status":"closed","template":"","meta":[],"product_cat":[27],"product_tag":[],"_links":{"self":[{"href":"https:\/\/jlfsas.com\/index.php?rest_route=\/wp\/v3\/product\/847"}],"collection":[{"href":"https:\/\/jlfsas.com\/index.php?rest_route=\/wp\/v3\/product"}],"about":[{"href":"https:\/\/jlfsas.com\/index.php?rest_route=\/wp\/v2\/types\/product"}],"replies":[{"embeddable":true,"href":"https:\/\/jlfsas.com\/index.php?rest_route=%2Fwp%2Fv2%2Fcomments&post=847"}],"wp:featuredmedia":[{"embeddable":true,"href":"https:\/\/jlfsas.com\/index.php?rest_route=\/wp\/v2\/media\/848"}],"wp:attachment":[{"href":"https:\/\/jlfsas.com\/index.php?rest_route=%2Fwp%2Fv2%2Fmedia&parent=847"}],"wp:term":[{"taxonomy":"product_cat","embeddable":true,"href":"https:\/\/jlfsas.com\/index.php?rest_route=%2Fwp%2Fv2%2Fproduct_cat&post=847"},{"taxonomy":"product_tag","embeddable":true,"href":"https:\/\/jlfsas.com\/index.php?rest_route=%2Fwp%2Fv2%2Fproduct_tag&post=847"}],"curies":[{"name":"wp","href":"https:\/\/api.w.org\/{rel}","templated":true}]}}