{"id":834,"date":"2023-04-24T14:31:14","date_gmt":"2023-04-24T14:31:14","guid":{"rendered":"https:\/\/jlfsas.com\/?post_type=product&#038;p=834"},"modified":"2023-05-29T15:07:44","modified_gmt":"2023-05-29T15:07:44","slug":"sikadur-42","status":"publish","type":"product","link":"https:\/\/jlfsas.com\/?product=sikadur-42","title":{"rendered":"Sikadur -42"},"content":{"rendered":"<p>Mortero ep\u00f3xico de tres componentes, 100% s\u00f3lido, de consistencia fluida para nivelaci\u00f3n de equipos y maquinaria.<\/p>\n<p>Listo para usar, juego predosificado.<br \/>\nTolerante a la humedad<br \/>\nSin retracci\u00f3n<br \/>\n<button style=\"background-color: red;\" spellcheck=\"false\" data-lt-tmp-id=\"lt-446323\" data-gramm=\"false\"><a style=\"color: white;\" href=\"http:\/\/jlfsas.com\/wp-content\/uploads\/2023\/04\/Sikadur-42-CL-JLF-SAS.pdf\" target=\"_blank\" rel=\"noopener\">Descargar Ficha T\u00e9cnica<\/a> <\/button><\/p>\n","protected":false},"excerpt":{"rendered":"<p>Mortero ep\u00f3xico de tres componentes, 100% s\u00f3lido, de consistencia fluida para nivelaci\u00f3n de equipos y maquinaria.<\/p>\n","protected":false},"featured_media":835,"comment_status":"open","ping_status":"closed","template":"","meta":[],"product_cat":[26,27],"product_tag":[],"_links":{"self":[{"href":"https:\/\/jlfsas.com\/index.php?rest_route=\/wp\/v3\/product\/834"}],"collection":[{"href":"https:\/\/jlfsas.com\/index.php?rest_route=\/wp\/v3\/product"}],"about":[{"href":"https:\/\/jlfsas.com\/index.php?rest_route=\/wp\/v2\/types\/product"}],"replies":[{"embeddable":true,"href":"https:\/\/jlfsas.com\/index.php?rest_route=%2Fwp%2Fv2%2Fcomments&post=834"}],"wp:featuredmedia":[{"embeddable":true,"href":"https:\/\/jlfsas.com\/index.php?rest_route=\/wp\/v2\/media\/835"}],"wp:attachment":[{"href":"https:\/\/jlfsas.com\/index.php?rest_route=%2Fwp%2Fv2%2Fmedia&parent=834"}],"wp:term":[{"taxonomy":"product_cat","embeddable":true,"href":"https:\/\/jlfsas.com\/index.php?rest_route=%2Fwp%2Fv2%2Fproduct_cat&post=834"},{"taxonomy":"product_tag","embeddable":true,"href":"https:\/\/jlfsas.com\/index.php?rest_route=%2Fwp%2Fv2%2Fproduct_tag&post=834"}],"curies":[{"name":"wp","href":"https:\/\/api.w.org\/{rel}","templated":true}]}}