{"id":823,"date":"2023-04-24T13:25:17","date_gmt":"2023-04-24T13:25:17","guid":{"rendered":"https:\/\/jlfsas.com\/?post_type=product&#038;p=823"},"modified":"2023-05-15T14:44:15","modified_gmt":"2023-05-15T14:44:15","slug":"sikament-90-e","status":"publish","type":"product","link":"https:\/\/jlfsas.com\/?product=sikament-90-e","title":{"rendered":"Sikament 90 E"},"content":{"rendered":"<p>Sikament\u00ae-90 E es un aditivo que ha sido desarrollado para ser utilizado tanto como plastificante o superfluidificante, especialmente en plantas de hormig\u00f3n elaborado, evitando de este modo el empleo de dos aditivos.<br \/>\nLos hormigones que contienen Sikament\u00ae-90 E desarrollan resistencias m\u00e1s r\u00e1pidamente que aquellos sin aditivos con igual consistencia.<br \/>\nSikament\u00ae-90 E no contiene cloruros, no corroe los metales, no es t\u00f3xico ni inflamable.<\/p>\n<p>En el hormig\u00f3n fresco:<br \/>\nMejora la trabajabilidad del hormig\u00f3n facilitando as\u00ed la colocaci\u00f3n y compactaci\u00f3n de las mezclas.<br \/>\nDisminuye al exudaci\u00f3n del agua y evita la segregaci\u00f3n de los materiales con lo que se consigue una mejor terminaci\u00f3n.<br \/>\nRango de asentamiento ideal entre 60 \u2013 150 mm.<\/p>\n<p>En hormig\u00f3n endurecido:<br \/>\nSe obtiene un importante incremento de resistencias mec\u00e1nicas a compresi\u00f3n manteniendo constante la trabajabilidad y el contenido de cemento.<br \/>\nMejora la compacidad y durabilidad del hormig\u00f3n.<br \/>\nMayor m\u00f3dulo de elasticidad y menos retracci\u00f3n por secado.<\/p>\n<p><button style=\"background-color: red;\" spellcheck=\"false\" data-lt-tmp-id=\"lt-446323\" data-gramm=\"false\"><a style=\"color: white;\" href=\"http:\/\/jlfsas.com\/wp-content\/uploads\/2023\/04\/sikament-90-e-JLF-SAS.pdf\" target=\"_blank\" rel=\"noopener\">Descargar Ficha T\u00e9cnica<\/a> <\/button><\/p>\n","protected":false},"excerpt":{"rendered":"<p>Sikament\u00ae-90 E es un aditivo que ha sido desarrollado para ser utilizado tanto como plastificante o superfluidificante, especialmente en plantas de hormig\u00f3n elaborado, evitando de este modo el empleo de dos aditivos.<\/p>\n","protected":false},"featured_media":824,"comment_status":"open","ping_status":"closed","template":"","meta":[],"product_cat":[25],"product_tag":[],"_links":{"self":[{"href":"https:\/\/jlfsas.com\/index.php?rest_route=\/wp\/v3\/product\/823"}],"collection":[{"href":"https:\/\/jlfsas.com\/index.php?rest_route=\/wp\/v3\/product"}],"about":[{"href":"https:\/\/jlfsas.com\/index.php?rest_route=\/wp\/v2\/types\/product"}],"replies":[{"embeddable":true,"href":"https:\/\/jlfsas.com\/index.php?rest_route=%2Fwp%2Fv2%2Fcomments&post=823"}],"wp:featuredmedia":[{"embeddable":true,"href":"https:\/\/jlfsas.com\/index.php?rest_route=\/wp\/v2\/media\/824"}],"wp:attachment":[{"href":"https:\/\/jlfsas.com\/index.php?rest_route=%2Fwp%2Fv2%2Fmedia&parent=823"}],"wp:term":[{"taxonomy":"product_cat","embeddable":true,"href":"https:\/\/jlfsas.com\/index.php?rest_route=%2Fwp%2Fv2%2Fproduct_cat&post=823"},{"taxonomy":"product_tag","embeddable":true,"href":"https:\/\/jlfsas.com\/index.php?rest_route=%2Fwp%2Fv2%2Fproduct_tag&post=823"}],"curies":[{"name":"wp","href":"https:\/\/api.w.org\/{rel}","templated":true}]}}