{"id":816,"date":"2023-04-24T13:10:07","date_gmt":"2023-04-24T13:10:07","guid":{"rendered":"https:\/\/jlfsas.com\/?post_type=product&#038;p=816"},"modified":"2023-05-15T14:59:37","modified_gmt":"2023-05-15T14:59:37","slug":"antifrosto","status":"publish","type":"product","link":"https:\/\/jlfsas.com\/?product=antifrosto","title":{"rendered":"Antifrosto"},"content":{"rendered":"<p>Antifrosto\u00ae es un acelerante de frag\u00fce y anticongelante para morteros y hormigones simples (sin armaduras) que ha sido desarrollado para usar en ambientes de bajas temperaturas.<\/p>\n<p>Permite el fraguado de las mezclas en \u00e9pocas invernales o de bajas temperaturas.<br \/>\nPosibilita una m\u00e1s r\u00e1pida habilitaci\u00f3n de las obras y remoci\u00f3n de los encofrados.<br \/>\nEs f\u00e1cil de utilizar , tanto en mezclas de cemento como de cal porque se diluye en el agua de amasado del mortero u hormig\u00f3n simple.<\/p>\n<p><button style=\"background-color: red;\" spellcheck=\"false\" data-lt-tmp-id=\"lt-446323\" data-gramm=\"false\"><a style=\"color: white;\" href=\"http:\/\/jlfsas.com\/wp-content\/uploads\/2023\/04\/antifrosto-JLF-SAS.pdf\" target=\"_blank\" rel=\"noopener\">Descargar Ficha T\u00e9cnica<\/a> <\/button><\/p>\n","protected":false},"excerpt":{"rendered":"<p>Antifrosto\u00ae es un acelerante de frag\u00fce y anticongelante para morteros y hormigones simples (sin armaduras) que ha sido desarrollado para usar en ambientes de bajas temperaturas.<\/p>\n","protected":false},"featured_media":817,"comment_status":"open","ping_status":"closed","template":"","meta":[],"product_cat":[25],"product_tag":[],"_links":{"self":[{"href":"https:\/\/jlfsas.com\/index.php?rest_route=\/wp\/v3\/product\/816"}],"collection":[{"href":"https:\/\/jlfsas.com\/index.php?rest_route=\/wp\/v3\/product"}],"about":[{"href":"https:\/\/jlfsas.com\/index.php?rest_route=\/wp\/v2\/types\/product"}],"replies":[{"embeddable":true,"href":"https:\/\/jlfsas.com\/index.php?rest_route=%2Fwp%2Fv2%2Fcomments&post=816"}],"wp:featuredmedia":[{"embeddable":true,"href":"https:\/\/jlfsas.com\/index.php?rest_route=\/wp\/v2\/media\/817"}],"wp:attachment":[{"href":"https:\/\/jlfsas.com\/index.php?rest_route=%2Fwp%2Fv2%2Fmedia&parent=816"}],"wp:term":[{"taxonomy":"product_cat","embeddable":true,"href":"https:\/\/jlfsas.com\/index.php?rest_route=%2Fwp%2Fv2%2Fproduct_cat&post=816"},{"taxonomy":"product_tag","embeddable":true,"href":"https:\/\/jlfsas.com\/index.php?rest_route=%2Fwp%2Fv2%2Fproduct_tag&post=816"}],"curies":[{"name":"wp","href":"https:\/\/api.w.org\/{rel}","templated":true}]}}