{"id":813,"date":"2023-04-24T13:01:30","date_gmt":"2023-04-24T13:01:30","guid":{"rendered":"https:\/\/jlfsas.com\/?post_type=product&#038;p=813"},"modified":"2023-05-15T15:04:00","modified_gmt":"2023-05-15T15:04:00","slug":"sika-friolite-oc","status":"publish","type":"product","link":"https:\/\/jlfsas.com\/?product=sika-friolite-oc","title":{"rendered":"Sika Friolite-OC"},"content":{"rendered":"<p>Sika\u00ae Friolite OC permite la construcci\u00f3n de un hormig\u00f3n de gran calidad en \u00e9pocas invernales o cuando persisten fr\u00edos intensos y heladas.<\/p>\n<p>En el hormig\u00f3n fresco:<br \/>\nPermite una reducci\u00f3n en la cantidad de agua de amasado de 7 a 9 %.<br \/>\nMejora la trabajabilidad, la colocaci\u00f3n y la compactaci\u00f3n de la mezcla.<\/p>\n<p>En el hormig\u00f3n endurecido:<br \/>\nProduce una leve incorporaci\u00f3n de aire.<br \/>\nGenera menor permeabilidad y mayores resistencias a los ciclos de congelamiento y deshielo.<br \/>\nAumenta la durabilidad del hormig\u00f3n.<\/p>\n<p>Sika\u00ae Friolite oC:<br \/>\nNo contiene cloruros.<br \/>\nNo corroe los metales.<br \/>\nNo es t\u00f3xico<\/p>\n<p><button style=\"background-color: red;\" spellcheck=\"false\" data-lt-tmp-id=\"lt-446323\" data-gramm=\"false\"><a style=\"color: white;\" href=\"http:\/\/jlfsas.com\/wp-content\/uploads\/2023\/04\/sika-friolite-oc-JLF-SAS.pdf\" target=\"_blank\" rel=\"noopener\">Descargar Ficha T\u00e9cnica<\/a> <\/button><\/p>\n","protected":false},"excerpt":{"rendered":"<p>Sika\u00ae Friolite OC permite la construcci\u00f3n de un hormig\u00f3n de gran calidad en \u00e9pocas invernales o cuando persisten fr\u00edos intensos y heladas.<\/p>\n","protected":false},"featured_media":815,"comment_status":"open","ping_status":"closed","template":"","meta":[],"product_cat":[25],"product_tag":[],"_links":{"self":[{"href":"https:\/\/jlfsas.com\/index.php?rest_route=\/wp\/v3\/product\/813"}],"collection":[{"href":"https:\/\/jlfsas.com\/index.php?rest_route=\/wp\/v3\/product"}],"about":[{"href":"https:\/\/jlfsas.com\/index.php?rest_route=\/wp\/v2\/types\/product"}],"replies":[{"embeddable":true,"href":"https:\/\/jlfsas.com\/index.php?rest_route=%2Fwp%2Fv2%2Fcomments&post=813"}],"wp:featuredmedia":[{"embeddable":true,"href":"https:\/\/jlfsas.com\/index.php?rest_route=\/wp\/v2\/media\/815"}],"wp:attachment":[{"href":"https:\/\/jlfsas.com\/index.php?rest_route=%2Fwp%2Fv2%2Fmedia&parent=813"}],"wp:term":[{"taxonomy":"product_cat","embeddable":true,"href":"https:\/\/jlfsas.com\/index.php?rest_route=%2Fwp%2Fv2%2Fproduct_cat&post=813"},{"taxonomy":"product_tag","embeddable":true,"href":"https:\/\/jlfsas.com\/index.php?rest_route=%2Fwp%2Fv2%2Fproduct_tag&post=813"}],"curies":[{"name":"wp","href":"https:\/\/api.w.org\/{rel}","templated":true}]}}