{"id":792,"date":"2023-04-22T14:34:29","date_gmt":"2023-04-22T14:34:29","guid":{"rendered":"https:\/\/jlfsas.com\/?post_type=product&#038;p=792"},"modified":"2024-10-23T22:02:49","modified_gmt":"2024-10-23T22:02:49","slug":"sika-rod","status":"publish","type":"product","link":"https:\/\/jlfsas.com\/?product=sika-rod","title":{"rendered":"Sika Rod"},"content":{"rendered":"<p>Sika\u00ae Rod es un respaldo de juntas preformado, de polietileno celular expandido, que colocado dentro de una junta previo a la colocaci\u00f3n del sellador, permite obtener la secci\u00f3n de junta adecuada, limitando la profundidad de la misma y evitando que el sellador se adhiera al fondo.<\/p>\n<ul>\n<li>No requieren mantenimiento<\/li>\n<li>No son atacados por agentes qu\u00edmicos, org\u00e1nicos e inorg\u00e1nicos.<\/li>\n<li>Antihaderentes<\/li>\n<\/ul>\n<p>&nbsp;<\/p>\n<p><strong>Consumo estimado:<\/strong><\/p>\n<ul>\n<li><strong>1 metro por metro lineal de junta<\/strong><\/li>\n<\/ul>\n<p>&nbsp;<\/p>\n<p><button style=\"background-color: red;\" spellcheck=\"false\" data-lt-tmp-id=\"lt-446323\" data-gramm=\"false\"><a style=\"color: white;\" href=\"http:\/\/jlfsas.com\/wp-content\/uploads\/2023\/04\/sika-rod-JLF-SAS.pdf\" target=\"_blank\" rel=\"noopener\">Descargar Ficha T\u00e9cnica<\/a> <\/button><\/p>\n","protected":false},"excerpt":{"rendered":"<div class=\"cmp-product__description cmp-font--light\">\n<div class=\"cmp-text\">\n<p class=\"cmp-text__paragraph cmp-line-clamp\" data-lines=\"3\" data-read-more=\"Lea m\u00e1s +\" data-read-less=\"Lea menos -\">Sika\u00ae Rod es un respaldo de juntas preformado, de polietileno celular expandido, que colocado dentro de una junta previo a la colocaci\u00f3n del sellador, permite obtener la secci\u00f3n de junta adecuada, limitando la profundidad de la misma y evitando que el sellador se adhiera al fondo.<\/p>\n<\/div>\n<\/div>\n","protected":false},"featured_media":793,"comment_status":"open","ping_status":"closed","template":"","meta":[],"product_cat":[24],"product_tag":[],"_links":{"self":[{"href":"https:\/\/jlfsas.com\/index.php?rest_route=\/wp\/v3\/product\/792"}],"collection":[{"href":"https:\/\/jlfsas.com\/index.php?rest_route=\/wp\/v3\/product"}],"about":[{"href":"https:\/\/jlfsas.com\/index.php?rest_route=\/wp\/v2\/types\/product"}],"replies":[{"embeddable":true,"href":"https:\/\/jlfsas.com\/index.php?rest_route=%2Fwp%2Fv2%2Fcomments&post=792"}],"wp:featuredmedia":[{"embeddable":true,"href":"https:\/\/jlfsas.com\/index.php?rest_route=\/wp\/v2\/media\/793"}],"wp:attachment":[{"href":"https:\/\/jlfsas.com\/index.php?rest_route=%2Fwp%2Fv2%2Fmedia&parent=792"}],"wp:term":[{"taxonomy":"product_cat","embeddable":true,"href":"https:\/\/jlfsas.com\/index.php?rest_route=%2Fwp%2Fv2%2Fproduct_cat&post=792"},{"taxonomy":"product_tag","embeddable":true,"href":"https:\/\/jlfsas.com\/index.php?rest_route=%2Fwp%2Fv2%2Fproduct_tag&post=792"}],"curies":[{"name":"wp","href":"https:\/\/api.w.org\/{rel}","templated":true}]}}