{"id":786,"date":"2023-04-22T14:22:52","date_gmt":"2023-04-22T14:22:52","guid":{"rendered":"https:\/\/jlfsas.com\/?post_type=product&#038;p=786"},"modified":"2024-10-23T21:49:49","modified_gmt":"2024-10-23T21:49:49","slug":"sika-boom-s","status":"publish","type":"product","link":"https:\/\/jlfsas.com\/?product=sika-boom-s","title":{"rendered":"Sika Boom-S"},"content":{"rendered":"<p>Sika Boom\u00ae S es una espuma de poliuretano expansiva monocomponente de r\u00e1pido curado para rellenar, sellar y aislar todo tipo de conductos.<\/p>\n<ul>\n<li>1 componente<\/li>\n<li>Espuma multiposici\u00f3n; aplicaci\u00f3n en todas las posiciones (360\u00b0)<\/li>\n<\/ul>\n<p>&nbsp;<\/p>\n<p><strong>Consumo estimado: El consumo puede ser regulado por la presi\u00f3n y el \u00e1ngulo que se le d\u00e9 a la v\u00e1lvula \/ adaptador.<\/strong><\/p>\n<ul>\n<li><strong>750 ml pueden llegar a 32 L (\u00b1 3L)<\/strong><\/li>\n<li><strong>500 ml pueden llegar a 21 L (\u00b1 2L)<\/strong><\/li>\n<\/ul>\n<p>&nbsp;<\/p>\n<p><button style=\"background-color: red;\" spellcheck=\"false\" data-lt-tmp-id=\"lt-446323\" data-gramm=\"false\"><a style=\"color: white;\" href=\"http:\/\/jlfsas.com\/wp-content\/uploads\/2023\/04\/sika_boom-JLF-SAS.pdf\" target=\"_blank\" rel=\"noopener\">Descargar Ficha T\u00e9cnica<\/a> <\/button><\/p>\n","protected":false},"excerpt":{"rendered":"<p>Sika Boom\u00ae S es una espuma de poliuretano expansiva monocomponente de r\u00e1pido curado para rellenar, sellar y aislar todo tipo de conductos.<\/p>\n","protected":false},"featured_media":787,"comment_status":"open","ping_status":"closed","template":"","meta":[],"product_cat":[24],"product_tag":[],"_links":{"self":[{"href":"https:\/\/jlfsas.com\/index.php?rest_route=\/wp\/v3\/product\/786"}],"collection":[{"href":"https:\/\/jlfsas.com\/index.php?rest_route=\/wp\/v3\/product"}],"about":[{"href":"https:\/\/jlfsas.com\/index.php?rest_route=\/wp\/v2\/types\/product"}],"replies":[{"embeddable":true,"href":"https:\/\/jlfsas.com\/index.php?rest_route=%2Fwp%2Fv2%2Fcomments&post=786"}],"wp:featuredmedia":[{"embeddable":true,"href":"https:\/\/jlfsas.com\/index.php?rest_route=\/wp\/v2\/media\/787"}],"wp:attachment":[{"href":"https:\/\/jlfsas.com\/index.php?rest_route=%2Fwp%2Fv2%2Fmedia&parent=786"}],"wp:term":[{"taxonomy":"product_cat","embeddable":true,"href":"https:\/\/jlfsas.com\/index.php?rest_route=%2Fwp%2Fv2%2Fproduct_cat&post=786"},{"taxonomy":"product_tag","embeddable":true,"href":"https:\/\/jlfsas.com\/index.php?rest_route=%2Fwp%2Fv2%2Fproduct_tag&post=786"}],"curies":[{"name":"wp","href":"https:\/\/api.w.org\/{rel}","templated":true}]}}