{"id":771,"date":"2023-04-22T13:30:58","date_gmt":"2023-04-22T13:30:58","guid":{"rendered":"https:\/\/jlfsas.com\/?post_type=product&#038;p=771"},"modified":"2023-05-16T20:44:05","modified_gmt":"2023-05-16T20:44:05","slug":"sikaflex-103-pisos","status":"publish","type":"product","link":"https:\/\/jlfsas.com\/?product=sikaflex-103-pisos","title":{"rendered":"Sikaflex -103 Pisos"},"content":{"rendered":"<p>Sikaflex\u00ae-103 Pisos es un sellador h\u00edbrido de poliuretano, monocomponente que cura con la humedad atmosf\u00e9rica, formando un elast\u00f3mero durable. Adecuado para juntas de bajo movimiento, con sustratos porosos y no porosos.<br \/>\nJuntas de dilataci\u00f3n en pisos de terrazas, veredas, almacenes fabriles, \u00e1reas de producci\u00f3n, etc.<\/p>\n<p>Buena resistencia a la intemperie y envejecimiento<br \/>\nPuede pintarse<br \/>\nCapacidad de movimiento 20% (ISO 9047)<\/p>\n<p><button style=\"background-color: red;\" spellcheck=\"false\" data-lt-tmp-id=\"lt-446323\" data-gramm=\"false\"><a style=\"color: white;\" href=\"http:\/\/jlfsas.com\/wp-content\/uploads\/2023\/04\/SikaFlex-103-Pisos-JLF-SAS.pdf\" target=\"_blank\" rel=\"noopener\">Descargar Ficha T\u00e9cnica<\/a> <\/button><\/p>\n","protected":false},"excerpt":{"rendered":"<p>Sikaflex\u00ae-103 Pisos es un sellador h\u00edbrido de poliuretano, monocomponente que cura con la humedad atmosf\u00e9rica, formando un elast\u00f3mero durable.<\/p>\n","protected":false},"featured_media":773,"comment_status":"open","ping_status":"closed","template":"","meta":[],"product_cat":[24],"product_tag":[],"_links":{"self":[{"href":"https:\/\/jlfsas.com\/index.php?rest_route=\/wp\/v3\/product\/771"}],"collection":[{"href":"https:\/\/jlfsas.com\/index.php?rest_route=\/wp\/v3\/product"}],"about":[{"href":"https:\/\/jlfsas.com\/index.php?rest_route=\/wp\/v2\/types\/product"}],"replies":[{"embeddable":true,"href":"https:\/\/jlfsas.com\/index.php?rest_route=%2Fwp%2Fv2%2Fcomments&post=771"}],"wp:featuredmedia":[{"embeddable":true,"href":"https:\/\/jlfsas.com\/index.php?rest_route=\/wp\/v2\/media\/773"}],"wp:attachment":[{"href":"https:\/\/jlfsas.com\/index.php?rest_route=%2Fwp%2Fv2%2Fmedia&parent=771"}],"wp:term":[{"taxonomy":"product_cat","embeddable":true,"href":"https:\/\/jlfsas.com\/index.php?rest_route=%2Fwp%2Fv2%2Fproduct_cat&post=771"},{"taxonomy":"product_tag","embeddable":true,"href":"https:\/\/jlfsas.com\/index.php?rest_route=%2Fwp%2Fv2%2Fproduct_tag&post=771"}],"curies":[{"name":"wp","href":"https:\/\/api.w.org\/{rel}","templated":true}]}}