{"id":758,"date":"2023-04-22T12:52:16","date_gmt":"2023-04-22T12:52:16","guid":{"rendered":"https:\/\/jlfsas.com\/?post_type=product&#038;p=758"},"modified":"2023-05-29T15:04:48","modified_gmt":"2023-05-29T15:04:48","slug":"sikaflex-221","status":"publish","type":"product","link":"https:\/\/jlfsas.com\/?product=sikaflex-221","title":{"rendered":"Sikaflex -221"},"content":{"rendered":"<p>Sellador multiprop\u00f3sito poliuret\u00e1nico de un componente, de alta calidad y que endurece con la exposici\u00f3n a la humedad atmosf\u00e9rica formando un elast\u00f3mero durable. Cumple con las normas ASTM C920 y Especificaciones Federales TT-S-00230C, de EEUU.<\/p>\n<p>Formulaci\u00f3n de un componente.<br \/>\nEl\u00e1stico.<br \/>\nBajo olor.<\/p>\n<p><button style=\"background-color: red;\" spellcheck=\"false\" data-lt-tmp-id=\"lt-446323\" data-gramm=\"false\"><a style=\"color: white;\" href=\"http:\/\/jlfsas.com\/wp-content\/uploads\/2023\/04\/Sikaflex-221-JLF-SAS.pdf\" target=\"_blank\" rel=\"noopener\">Descargar Ficha T\u00e9cnica<\/a> <\/button><\/p>\n","protected":false},"excerpt":{"rendered":"<p>Sellador multiprop\u00f3sito poliuret\u00e1nico de un componente, de alta calidad y que endurece con la exposici\u00f3n a la humedad atmosf\u00e9rica formando un elast\u00f3mero durable.<\/p>\n","protected":false},"featured_media":759,"comment_status":"open","ping_status":"closed","template":"","meta":[],"product_cat":[24,23],"product_tag":[],"_links":{"self":[{"href":"https:\/\/jlfsas.com\/index.php?rest_route=\/wp\/v3\/product\/758"}],"collection":[{"href":"https:\/\/jlfsas.com\/index.php?rest_route=\/wp\/v3\/product"}],"about":[{"href":"https:\/\/jlfsas.com\/index.php?rest_route=\/wp\/v2\/types\/product"}],"replies":[{"embeddable":true,"href":"https:\/\/jlfsas.com\/index.php?rest_route=%2Fwp%2Fv2%2Fcomments&post=758"}],"wp:featuredmedia":[{"embeddable":true,"href":"https:\/\/jlfsas.com\/index.php?rest_route=\/wp\/v2\/media\/759"}],"wp:attachment":[{"href":"https:\/\/jlfsas.com\/index.php?rest_route=%2Fwp%2Fv2%2Fmedia&parent=758"}],"wp:term":[{"taxonomy":"product_cat","embeddable":true,"href":"https:\/\/jlfsas.com\/index.php?rest_route=%2Fwp%2Fv2%2Fproduct_cat&post=758"},{"taxonomy":"product_tag","embeddable":true,"href":"https:\/\/jlfsas.com\/index.php?rest_route=%2Fwp%2Fv2%2Fproduct_tag&post=758"}],"curies":[{"name":"wp","href":"https:\/\/api.w.org\/{rel}","templated":true}]}}