{"id":745,"date":"2023-04-21T15:06:11","date_gmt":"2023-04-21T15:06:11","guid":{"rendered":"https:\/\/jlfsas.com\/?post_type=product&#038;p=745"},"modified":"2023-05-29T15:04:17","modified_gmt":"2023-05-29T15:04:17","slug":"sika-monotop-107-seal","status":"publish","type":"product","link":"https:\/\/jlfsas.com\/?product=sika-monotop-107-seal","title":{"rendered":"Sika MonoTop-107 Seal"},"content":{"rendered":"<p>Sika MonoTop\u00ae-107 Seal es un mortero cement\u00edcio modificado con pol\u00edmeros, impermeabilizante y monocomponente. Tolera presi\u00f3n de agua positiva y negativa.<\/p>\n<p>De f\u00e1cil mezclado y colocaci\u00f3n, ofrece las siguientes ventajas:<br \/>\nAlta impermeabilidad.<br \/>\nSoporta presi\u00f3n positiva y presi\u00f3n negativa.<br \/>\nMonocomponente, se mezcla solo con agua.<\/p>\n<p><button style=\"background-color: red;\" spellcheck=\"false\" data-lt-tmp-id=\"lt-446323\" data-gramm=\"false\"><a style=\"color: white;\" href=\"http:\/\/jlfsas.com\/wp-content\/uploads\/2023\/04\/sika-monotop-107seal-JLF-SAS.pdf\" target=\"_blank\" rel=\"noopener\">Descargar Ficha T\u00e9cnica<\/a> <\/button><\/p>\n","protected":false},"excerpt":{"rendered":"<p>Sika MonoTop\u00ae-107 Seal es un mortero cement\u00edcio modificado con pol\u00edmeros, impermeabilizante y monocomponente. <\/p>\n","protected":false},"featured_media":746,"comment_status":"open","ping_status":"closed","template":"","meta":[],"product_cat":[23,30],"product_tag":[],"_links":{"self":[{"href":"https:\/\/jlfsas.com\/index.php?rest_route=\/wp\/v3\/product\/745"}],"collection":[{"href":"https:\/\/jlfsas.com\/index.php?rest_route=\/wp\/v3\/product"}],"about":[{"href":"https:\/\/jlfsas.com\/index.php?rest_route=\/wp\/v2\/types\/product"}],"replies":[{"embeddable":true,"href":"https:\/\/jlfsas.com\/index.php?rest_route=%2Fwp%2Fv2%2Fcomments&post=745"}],"wp:featuredmedia":[{"embeddable":true,"href":"https:\/\/jlfsas.com\/index.php?rest_route=\/wp\/v2\/media\/746"}],"wp:attachment":[{"href":"https:\/\/jlfsas.com\/index.php?rest_route=%2Fwp%2Fv2%2Fmedia&parent=745"}],"wp:term":[{"taxonomy":"product_cat","embeddable":true,"href":"https:\/\/jlfsas.com\/index.php?rest_route=%2Fwp%2Fv2%2Fproduct_cat&post=745"},{"taxonomy":"product_tag","embeddable":true,"href":"https:\/\/jlfsas.com\/index.php?rest_route=%2Fwp%2Fv2%2Fproduct_tag&post=745"}],"curies":[{"name":"wp","href":"https:\/\/api.w.org\/{rel}","templated":true}]}}