{"id":743,"date":"2023-04-21T15:00:57","date_gmt":"2023-04-21T15:00:57","guid":{"rendered":"https:\/\/jlfsas.com\/?post_type=product&#038;p=743"},"modified":"2023-05-17T12:14:11","modified_gmt":"2023-05-17T12:14:11","slug":"sikamur-injectocream-100","status":"publish","type":"product","link":"https:\/\/jlfsas.com\/?product=sikamur-injectocream-100","title":{"rendered":"SikaMur InjectoCream-100"},"content":{"rendered":"<p>SikaMur\u00ae InjectoCream-100 es un nuevo concepto para el control de humedad ascendente por capilaridad. SikaMur\u00ae InjectoCream-100 es una sustancia repelente al agua, que se inyecta en una serie de perforaciones horizontales realizadas en la mezcla de la mamposter\u00eda, mediante una pistola de aplicaci\u00f3n (no es necesaria una bomba de inyecci\u00f3n). Aplicado en la mezcla de asiento de los ladrillos, SikaMur\u00ae InjectoCream-100 se dispersar\u00e1 en la misma y crear\u00e1 una barrera repelente al agua (DPC-Damp Proof Course) bloqueando la humedad ascendente en el futuro.<br \/>\nMonocomponente, listo para usar.<br \/>\nF\u00e1cil de aplicar.<br \/>\nR\u00e1pida aplicaci\u00f3n.<\/p>\n<p>No es necesario un sellado preliminar alrededor de las perforaciones.<br \/>\nR\u00e1pido de inyectar.<br \/>\nC\u00e1lculo f\u00e1cil del consumo.<br \/>\nAplicaci\u00f3n uniforme.<\/p>\n<p><button style=\"background-color: red;\" spellcheck=\"false\" data-lt-tmp-id=\"lt-446323\" data-gramm=\"false\"><a style=\"color: white;\" href=\"http:\/\/jlfsas.com\/wp-content\/uploads\/2023\/04\/sikamur_injectocream-100-JLF-SAS.pdf\" target=\"_blank\" rel=\"noopener\">Descargar Ficha T\u00e9cnica<\/a> <\/button><\/p>\n","protected":false},"excerpt":{"rendered":"<p>SikaMur\u00ae InjectoCream-100 es un nuevo concepto para el control de humedad ascendente por capilaridad.<\/p>\n","protected":false},"featured_media":744,"comment_status":"open","ping_status":"closed","template":"","meta":[],"product_cat":[23],"product_tag":[],"_links":{"self":[{"href":"https:\/\/jlfsas.com\/index.php?rest_route=\/wp\/v3\/product\/743"}],"collection":[{"href":"https:\/\/jlfsas.com\/index.php?rest_route=\/wp\/v3\/product"}],"about":[{"href":"https:\/\/jlfsas.com\/index.php?rest_route=\/wp\/v2\/types\/product"}],"replies":[{"embeddable":true,"href":"https:\/\/jlfsas.com\/index.php?rest_route=%2Fwp%2Fv2%2Fcomments&post=743"}],"wp:featuredmedia":[{"embeddable":true,"href":"https:\/\/jlfsas.com\/index.php?rest_route=\/wp\/v2\/media\/744"}],"wp:attachment":[{"href":"https:\/\/jlfsas.com\/index.php?rest_route=%2Fwp%2Fv2%2Fmedia&parent=743"}],"wp:term":[{"taxonomy":"product_cat","embeddable":true,"href":"https:\/\/jlfsas.com\/index.php?rest_route=%2Fwp%2Fv2%2Fproduct_cat&post=743"},{"taxonomy":"product_tag","embeddable":true,"href":"https:\/\/jlfsas.com\/index.php?rest_route=%2Fwp%2Fv2%2Fproduct_tag&post=743"}],"curies":[{"name":"wp","href":"https:\/\/api.w.org\/{rel}","templated":true}]}}