{"id":739,"date":"2023-04-21T14:51:23","date_gmt":"2023-04-21T14:51:23","guid":{"rendered":"https:\/\/jlfsas.com\/?post_type=product&#038;p=739"},"modified":"2023-05-17T12:25:28","modified_gmt":"2023-05-17T12:25:28","slug":"sikaguard-antihumedad","status":"publish","type":"product","link":"https:\/\/jlfsas.com\/?product=sikaguard-antihumedad","title":{"rendered":"Sikaguard Antihumedad"},"content":{"rendered":"<p>Tratamiento de superficie para paredes interiores y exteriores, con humedades, hongos y salitre. Impregnaci\u00f3n consolidante<br \/>\nSikaguard\u00ae Antihumedad es una impregnaci\u00f3n de base acuosa, que impermeabiliza y endurece las superficies deterioradas por la humedad.<br \/>\nPreviene la afloraci\u00f3n de salitre, moho y crecimientos biol\u00f3gicos (hongos, l\u00edquenes, verd\u00edn).<\/p>\n<p>Listo para usar. Se aplica puro<br \/>\nAl secar se torna transparente.<br \/>\nPosee muy baja viscosidad, por ello tiene alto poder de penetraci\u00f3n.<\/p>\n<p><button style=\"background-color: red;\" spellcheck=\"false\" data-lt-tmp-id=\"lt-446323\" data-gramm=\"false\"><a style=\"color: white;\" href=\"http:\/\/jlfsas.com\/wp-content\/uploads\/2023\/04\/Sikaguard\u00ae-Antihumedad-JLF-SAS.pdf\" target=\"_blank\" rel=\"noopener\">Descargar Ficha T\u00e9cnica<\/a> <\/button><\/p>\n","protected":false},"excerpt":{"rendered":"<p>Tratamiento de superficie para paredes interiores y exteriores, con humedades, hongos y salitre. Impregnaci\u00f3n consolidante<\/p>\n","protected":false},"featured_media":740,"comment_status":"open","ping_status":"closed","template":"","meta":[],"product_cat":[23],"product_tag":[],"_links":{"self":[{"href":"https:\/\/jlfsas.com\/index.php?rest_route=\/wp\/v3\/product\/739"}],"collection":[{"href":"https:\/\/jlfsas.com\/index.php?rest_route=\/wp\/v3\/product"}],"about":[{"href":"https:\/\/jlfsas.com\/index.php?rest_route=\/wp\/v2\/types\/product"}],"replies":[{"embeddable":true,"href":"https:\/\/jlfsas.com\/index.php?rest_route=%2Fwp%2Fv2%2Fcomments&post=739"}],"wp:featuredmedia":[{"embeddable":true,"href":"https:\/\/jlfsas.com\/index.php?rest_route=\/wp\/v2\/media\/740"}],"wp:attachment":[{"href":"https:\/\/jlfsas.com\/index.php?rest_route=%2Fwp%2Fv2%2Fmedia&parent=739"}],"wp:term":[{"taxonomy":"product_cat","embeddable":true,"href":"https:\/\/jlfsas.com\/index.php?rest_route=%2Fwp%2Fv2%2Fproduct_cat&post=739"},{"taxonomy":"product_tag","embeddable":true,"href":"https:\/\/jlfsas.com\/index.php?rest_route=%2Fwp%2Fv2%2Fproduct_tag&post=739"}],"curies":[{"name":"wp","href":"https:\/\/api.w.org\/{rel}","templated":true}]}}