{"id":734,"date":"2023-04-21T14:37:23","date_gmt":"2023-04-21T14:37:23","guid":{"rendered":"https:\/\/jlfsas.com\/?post_type=product&#038;p=734"},"modified":"2023-05-17T12:37:19","modified_gmt":"2023-05-17T12:37:19","slug":"sikalastic-560-2","status":"publish","type":"product","link":"https:\/\/jlfsas.com\/?product=sikalastic-560-2","title":{"rendered":"Sikalastic 560"},"content":{"rendered":"<p>Membrana l\u00edquida con poliuretano impermeabilizante para techos, basada en la Tecnolog\u00eda CO-El\u00e1stica (CET) de Sika<br \/>\nSikalastic\u00ae-560 es una membrana l\u00edquida impermeabilizante con poliuretano, monocomponente, de aplicaci\u00f3n en fr\u00edo, altamente el\u00e1stica y resistente a los rayos UV.<\/p>\n<p>Mayor durabilidad<br \/>\nAltamente el\u00e1stica y con capacidad de puenteo de fisuras<br \/>\nMuy f\u00e1cil aplicaci\u00f3n, lista para usar<\/p>\n<p>Resistente a los rayos UV, no amarillea<br \/>\nEco-amigable, libre de VOC<br \/>\nExcelente adhesi\u00f3n sobre m\u00faltiples sustratos, incluso no porosos<\/p>\n<p><button style=\"background-color: red;\" spellcheck=\"false\" data-lt-tmp-id=\"lt-446323\" data-gramm=\"false\"><a style=\"color: white;\" href=\"http:\/\/jlfsas.com\/wp-content\/uploads\/2023\/04\/Sikalastic-560-JLF-SAS.pdf\" target=\"_blank\" rel=\"noopener\">Descargar Ficha T\u00e9cnica<\/a> <\/button><\/p>\n","protected":false},"excerpt":{"rendered":"<p>Sikalastic\u00ae-560 es una membrana l\u00edquida impermeabilizante con poliuretano, monocomponente, de aplicaci\u00f3n en fr\u00edo, altamente el\u00e1stica y resistente a los rayos UV.<\/p>\n","protected":false},"featured_media":420,"comment_status":"open","ping_status":"closed","template":"","meta":[],"product_cat":[23],"product_tag":[],"_links":{"self":[{"href":"https:\/\/jlfsas.com\/index.php?rest_route=\/wp\/v3\/product\/734"}],"collection":[{"href":"https:\/\/jlfsas.com\/index.php?rest_route=\/wp\/v3\/product"}],"about":[{"href":"https:\/\/jlfsas.com\/index.php?rest_route=\/wp\/v2\/types\/product"}],"replies":[{"embeddable":true,"href":"https:\/\/jlfsas.com\/index.php?rest_route=%2Fwp%2Fv2%2Fcomments&post=734"}],"wp:featuredmedia":[{"embeddable":true,"href":"https:\/\/jlfsas.com\/index.php?rest_route=\/wp\/v2\/media\/420"}],"wp:attachment":[{"href":"https:\/\/jlfsas.com\/index.php?rest_route=%2Fwp%2Fv2%2Fmedia&parent=734"}],"wp:term":[{"taxonomy":"product_cat","embeddable":true,"href":"https:\/\/jlfsas.com\/index.php?rest_route=%2Fwp%2Fv2%2Fproduct_cat&post=734"},{"taxonomy":"product_tag","embeddable":true,"href":"https:\/\/jlfsas.com\/index.php?rest_route=%2Fwp%2Fv2%2Fproduct_tag&post=734"}],"curies":[{"name":"wp","href":"https:\/\/api.w.org\/{rel}","templated":true}]}}