{"id":430,"date":"2023-02-18T01:44:38","date_gmt":"2023-02-18T01:44:38","guid":{"rendered":"https:\/\/jlfsas.com\/?post_type=product&#038;p=430"},"modified":"2023-05-17T12:48:30","modified_gmt":"2023-05-17T12:48:30","slug":"sikaguard-ladrillos-profesional","status":"publish","type":"product","link":"https:\/\/jlfsas.com\/?product=sikaguard-ladrillos-profesional","title":{"rendered":"Sikaguard\u00ae Ladrillos Profesional"},"content":{"rendered":"<p>Sikaguard\u00ae Ladrillos Profesional es un impermeabilizante protector siliconado incoloro base agua para frentes y muros exteriores. Protege de la humedad toda clase de revoques, materiales de frente y en general toda superficie de alba\u00f1iler\u00eda porosa. Resiste muy bien la intemperie, la agresi\u00f3n del sol, viento, lluvia, etc. Por ser transparente y no formar pel\u00edcula, no modifica el aspecto natural de las superficies tratadas.<\/p>\n<p>Rechaza el agua de lluvia por su tensi\u00f3n superficial.<br \/>\nF\u00e1cil aplicaci\u00f3n, listo para usar (no se diluye en obra).<br \/>\nNo forma pel\u00edcula, no se ampolla, no se cuartea ni descascara.<\/p>\n<p><button style=\"background-color: red;\" spellcheck=\"false\" data-lt-tmp-id=\"lt-446323\" data-gramm=\"false\"><a style=\"color: white;\" href=\"http:\/\/jlfsas.com\/wp-content\/uploads\/2023\/02\/Sikaguard\u00ae-Ladrillos-Profesional-JLF-SAS.pdf\" target=\"_blank\" rel=\"noopener\">Descargar Ficha T\u00e9cnica<\/a> <\/button><\/p>\n","protected":false},"excerpt":{"rendered":"<p>Sikaguard\u00ae Ladrillos Profesional es un impermeabilizante protector siliconado incoloro base agua para frentes y muros exteriores.<\/p>\n","protected":false},"featured_media":526,"comment_status":"open","ping_status":"closed","template":"","meta":[],"product_cat":[23],"product_tag":[],"_links":{"self":[{"href":"https:\/\/jlfsas.com\/index.php?rest_route=\/wp\/v3\/product\/430"}],"collection":[{"href":"https:\/\/jlfsas.com\/index.php?rest_route=\/wp\/v3\/product"}],"about":[{"href":"https:\/\/jlfsas.com\/index.php?rest_route=\/wp\/v2\/types\/product"}],"replies":[{"embeddable":true,"href":"https:\/\/jlfsas.com\/index.php?rest_route=%2Fwp%2Fv2%2Fcomments&post=430"}],"wp:featuredmedia":[{"embeddable":true,"href":"https:\/\/jlfsas.com\/index.php?rest_route=\/wp\/v2\/media\/526"}],"wp:attachment":[{"href":"https:\/\/jlfsas.com\/index.php?rest_route=%2Fwp%2Fv2%2Fmedia&parent=430"}],"wp:term":[{"taxonomy":"product_cat","embeddable":true,"href":"https:\/\/jlfsas.com\/index.php?rest_route=%2Fwp%2Fv2%2Fproduct_cat&post=430"},{"taxonomy":"product_tag","embeddable":true,"href":"https:\/\/jlfsas.com\/index.php?rest_route=%2Fwp%2Fv2%2Fproduct_tag&post=430"}],"curies":[{"name":"wp","href":"https:\/\/api.w.org\/{rel}","templated":true}]}}