{"id":429,"date":"2023-02-18T01:43:58","date_gmt":"2023-02-18T01:43:58","guid":{"rendered":"https:\/\/jlfsas.com\/?post_type=product&#038;p=429"},"modified":"2023-05-17T12:52:32","modified_gmt":"2023-05-17T12:52:32","slug":"sikaguard-frentes","status":"publish","type":"product","link":"https:\/\/jlfsas.com\/?product=sikaguard-frentes","title":{"rendered":"Sikaguard\u00ae Frentes"},"content":{"rendered":"<p>Sikaguard\u00ae Frentes es una pintura impermeable a base de resinas elastom\u00e9ricas de \u00faltima generaci\u00f3n, m\u00e1s pigmentos y cargas minerales seleccionadas en dispersi\u00f3n acuosa, de calidad Premium, altamente el\u00e1stica, con buena adherencia y resistencia a los rayos UV, lo que le confiere m\u00e1xima durabilidad.<\/p>\n<p>Alto grado de impermeabilizaci\u00f3n al agua de lluvia.<br \/>\nM\u00e1xima elasticidad que perdura a trav\u00e9s del tiempo, acompa\u00f1ando los procesos de contracci\u00f3n y dilataci\u00f3n producidos por los cambios t\u00e9rmicos.<br \/>\nCapacidad de puentear y sellar microfisuras de las bases.<\/p>\n<p><button style=\"background-color: red;\" spellcheck=\"false\" data-lt-tmp-id=\"lt-446323\" data-gramm=\"false\"><a style=\"color: white;\" href=\"http:\/\/jlfsas.com\/wp-content\/uploads\/2023\/02\/sikaguard_frentes-JLF-SAS.pdf\" target=\"_blank\" rel=\"noopener\">Descargar Ficha T\u00e9cnica<\/a> <\/button><\/p>\n","protected":false},"excerpt":{"rendered":"<p>Pintura impermeable acr\u00edlica para frentes.<\/p>\n","protected":false},"featured_media":526,"comment_status":"open","ping_status":"closed","template":"","meta":[],"product_cat":[23],"product_tag":[],"_links":{"self":[{"href":"https:\/\/jlfsas.com\/index.php?rest_route=\/wp\/v3\/product\/429"}],"collection":[{"href":"https:\/\/jlfsas.com\/index.php?rest_route=\/wp\/v3\/product"}],"about":[{"href":"https:\/\/jlfsas.com\/index.php?rest_route=\/wp\/v2\/types\/product"}],"replies":[{"embeddable":true,"href":"https:\/\/jlfsas.com\/index.php?rest_route=%2Fwp%2Fv2%2Fcomments&post=429"}],"wp:featuredmedia":[{"embeddable":true,"href":"https:\/\/jlfsas.com\/index.php?rest_route=\/wp\/v2\/media\/526"}],"wp:attachment":[{"href":"https:\/\/jlfsas.com\/index.php?rest_route=%2Fwp%2Fv2%2Fmedia&parent=429"}],"wp:term":[{"taxonomy":"product_cat","embeddable":true,"href":"https:\/\/jlfsas.com\/index.php?rest_route=%2Fwp%2Fv2%2Fproduct_cat&post=429"},{"taxonomy":"product_tag","embeddable":true,"href":"https:\/\/jlfsas.com\/index.php?rest_route=%2Fwp%2Fv2%2Fproduct_tag&post=429"}],"curies":[{"name":"wp","href":"https:\/\/api.w.org\/{rel}","templated":true}]}}