{"id":427,"date":"2023-02-18T01:42:38","date_gmt":"2023-02-18T01:42:38","guid":{"rendered":"https:\/\/jlfsas.com\/?post_type=product&#038;p=427"},"modified":"2023-05-17T13:03:36","modified_gmt":"2023-05-17T13:03:36","slug":"sikafill-techos","status":"publish","type":"product","link":"https:\/\/jlfsas.com\/?product=sikafill-techos","title":{"rendered":"SikaFill\u00ae Techos"},"content":{"rendered":"<p>SikaFill\u00ae Techos es una emulsi\u00f3n acr\u00edlica para la impermeabilizaci\u00f3n de techos y terrazas. Se aplica en fr\u00edo y conforma una membrana continua y flexible.<\/p>\n<p>Forma una membrana el\u00e1stica e impermeable.<br \/>\nSe aplica sobre diversas superficies porosas: carpetas cement\u00edcias, baldosas y cer\u00e1micas no esmaltadas, tejas cer\u00e1micas, fibrocemento, hormig\u00f3n, etc.<br \/>\nPermite puentear microfisuras de hasta 0,2 mm<\/p>\n<p><button style=\"background-color: red;\" spellcheck=\"false\" data-lt-tmp-id=\"lt-446323\" data-gramm=\"false\"><a style=\"color: white;\" href=\"http:\/\/jlfsas.com\/wp-content\/uploads\/2023\/02\/sikafill_techos-JLF-SAS.pdf\" target=\"_blank\" rel=\"noopener\">Descargar Ficha T\u00e9cnica<\/a> <\/button><\/p>\n","protected":false},"excerpt":{"rendered":"<p>Membrana l\u00edquida acr\u00edlica impermeabilizante para techos.<\/p>\n","protected":false},"featured_media":415,"comment_status":"open","ping_status":"closed","template":"","meta":[],"product_cat":[23],"product_tag":[],"_links":{"self":[{"href":"https:\/\/jlfsas.com\/index.php?rest_route=\/wp\/v3\/product\/427"}],"collection":[{"href":"https:\/\/jlfsas.com\/index.php?rest_route=\/wp\/v3\/product"}],"about":[{"href":"https:\/\/jlfsas.com\/index.php?rest_route=\/wp\/v2\/types\/product"}],"replies":[{"embeddable":true,"href":"https:\/\/jlfsas.com\/index.php?rest_route=%2Fwp%2Fv2%2Fcomments&post=427"}],"wp:featuredmedia":[{"embeddable":true,"href":"https:\/\/jlfsas.com\/index.php?rest_route=\/wp\/v2\/media\/415"}],"wp:attachment":[{"href":"https:\/\/jlfsas.com\/index.php?rest_route=%2Fwp%2Fv2%2Fmedia&parent=427"}],"wp:term":[{"taxonomy":"product_cat","embeddable":true,"href":"https:\/\/jlfsas.com\/index.php?rest_route=%2Fwp%2Fv2%2Fproduct_cat&post=427"},{"taxonomy":"product_tag","embeddable":true,"href":"https:\/\/jlfsas.com\/index.php?rest_route=%2Fwp%2Fv2%2Fproduct_tag&post=427"}],"curies":[{"name":"wp","href":"https:\/\/api.w.org\/{rel}","templated":true}]}}