{"id":424,"date":"2023-02-18T01:41:06","date_gmt":"2023-02-18T01:41:06","guid":{"rendered":"https:\/\/jlfsas.com\/?post_type=product&#038;p=424"},"modified":"2023-05-17T13:12:29","modified_gmt":"2023-05-17T13:12:29","slug":"sikalastic-560-fibrado","status":"publish","type":"product","link":"https:\/\/jlfsas.com\/?product=sikalastic-560-fibrado","title":{"rendered":"Sikalastic\u00ae-560 Fibrado"},"content":{"rendered":"<p>Sikalastic\u00ae-560 Fibrado es una membrana l\u00edquida impermeabilizante para techos con poliuretano,con la exclusiva Tecnolog\u00eda Co-El\u00e1stica (CET) de Sika, m\u00e1s la incorporaci\u00f3n de fibras sint\u00e9ticas en su formulaci\u00f3n, monocomponente, libre de disolventes, de aplicaci\u00f3n en fr\u00edo, el\u00e1stica y resistente a los rayos UV.<\/p>\n<p>Mayor resistencia a la abrasi\u00f3n y al desgaste mec\u00e1nico.<br \/>\nAlta durabilidad en tr\u00e1nsito moderado.<br \/>\nAltamente el\u00e1stica y con capacidad de puenteo de fisuras.<br \/>\nConforma una membrana continua, sin juntas y sin solapes.<\/p>\n<p><button style=\"background-color: red;\" spellcheck=\"false\" data-lt-tmp-id=\"lt-446323\" data-gramm=\"false\"><a style=\"color: white;\" href=\"http:\/\/jlfsas.com\/wp-content\/uploads\/2023\/02\/sikalastic_-560_fibrado-JLF-SAS.pdf\" target=\"_blank\" rel=\"noopener\">Descargar Ficha T\u00e9cnica<\/a> <\/button><\/p>\n","protected":false},"excerpt":{"rendered":"<p>Membrana l\u00edquida impermeabilizante con poliuretano y fibras incorporadas, basada en la Tecnolog\u00eda CO-El\u00e1stica de Sika.<\/p>\n","protected":false},"featured_media":418,"comment_status":"open","ping_status":"closed","template":"","meta":[],"product_cat":[23],"product_tag":[],"_links":{"self":[{"href":"https:\/\/jlfsas.com\/index.php?rest_route=\/wp\/v3\/product\/424"}],"collection":[{"href":"https:\/\/jlfsas.com\/index.php?rest_route=\/wp\/v3\/product"}],"about":[{"href":"https:\/\/jlfsas.com\/index.php?rest_route=\/wp\/v2\/types\/product"}],"replies":[{"embeddable":true,"href":"https:\/\/jlfsas.com\/index.php?rest_route=%2Fwp%2Fv2%2Fcomments&post=424"}],"wp:featuredmedia":[{"embeddable":true,"href":"https:\/\/jlfsas.com\/index.php?rest_route=\/wp\/v2\/media\/418"}],"wp:attachment":[{"href":"https:\/\/jlfsas.com\/index.php?rest_route=%2Fwp%2Fv2%2Fmedia&parent=424"}],"wp:term":[{"taxonomy":"product_cat","embeddable":true,"href":"https:\/\/jlfsas.com\/index.php?rest_route=%2Fwp%2Fv2%2Fproduct_cat&post=424"},{"taxonomy":"product_tag","embeddable":true,"href":"https:\/\/jlfsas.com\/index.php?rest_route=%2Fwp%2Fv2%2Fproduct_tag&post=424"}],"curies":[{"name":"wp","href":"https:\/\/api.w.org\/{rel}","templated":true}]}}