{"id":1145,"date":"2023-05-29T14:52:05","date_gmt":"2023-05-29T14:52:05","guid":{"rendered":"https:\/\/jlfsas.com\/?post_type=product&#038;p=1145"},"modified":"2023-05-29T14:56:00","modified_gmt":"2023-05-29T14:56:00","slug":"sella-grietas-piscinas","status":"publish","type":"product","link":"https:\/\/jlfsas.com\/?product=sella-grietas-piscinas","title":{"rendered":"Sella Grietas Piscinas"},"content":{"rendered":"<p>Sellador acr\u00edlico flexible de f\u00e1cil aplicaci\u00f3n. Una vez aplicado, es pintable con pinturas e impermeabilizantes. Su formulaci\u00f3n permite que sea aplicado sobre superficies h\u00famedas y para cubrir juntas de dilataci\u00f3n, grietas fisuras y rajaduras.<\/p>\n<p>Ideal para aplicar en grietas antes de aplicar impermeabilizantes o membranas. Adhiere sobre yeso, mamposter\u00eda, hormig\u00f3n, metales pintados, aluminio, madera, etc. Ideal para grietas en terrazas, juntas, piscinas, etc.<\/p>\n","protected":false},"excerpt":{"rendered":"<p>Sellador acr\u00edlico flexible de f\u00e1cil aplicaci\u00f3n. Una vez aplicado, es pintable con pinturas e impermeabilizantes. <\/p>\n","protected":false},"featured_media":1146,"comment_status":"open","ping_status":"closed","template":"","meta":[],"product_cat":[24,30],"product_tag":[],"_links":{"self":[{"href":"https:\/\/jlfsas.com\/index.php?rest_route=\/wp\/v3\/product\/1145"}],"collection":[{"href":"https:\/\/jlfsas.com\/index.php?rest_route=\/wp\/v3\/product"}],"about":[{"href":"https:\/\/jlfsas.com\/index.php?rest_route=\/wp\/v2\/types\/product"}],"replies":[{"embeddable":true,"href":"https:\/\/jlfsas.com\/index.php?rest_route=%2Fwp%2Fv2%2Fcomments&post=1145"}],"wp:featuredmedia":[{"embeddable":true,"href":"https:\/\/jlfsas.com\/index.php?rest_route=\/wp\/v2\/media\/1146"}],"wp:attachment":[{"href":"https:\/\/jlfsas.com\/index.php?rest_route=%2Fwp%2Fv2%2Fmedia&parent=1145"}],"wp:term":[{"taxonomy":"product_cat","embeddable":true,"href":"https:\/\/jlfsas.com\/index.php?rest_route=%2Fwp%2Fv2%2Fproduct_cat&post=1145"},{"taxonomy":"product_tag","embeddable":true,"href":"https:\/\/jlfsas.com\/index.php?rest_route=%2Fwp%2Fv2%2Fproduct_tag&post=1145"}],"curies":[{"name":"wp","href":"https:\/\/api.w.org\/{rel}","templated":true}]}}