{"id":1143,"date":"2023-05-29T14:44:40","date_gmt":"2023-05-29T14:44:40","guid":{"rendered":"https:\/\/jlfsas.com\/?post_type=product&#038;p=1143"},"modified":"2023-05-29T15:03:24","modified_gmt":"2023-05-29T15:03:24","slug":"sal-de-limon-gel","status":"publish","type":"product","link":"https:\/\/jlfsas.com\/?product=sal-de-limon-gel","title":{"rendered":"Sal De Lim\u00f3n Gel"},"content":{"rendered":"<p>Sal De Limon Gel es un producto desarrollado para eliminar manchas de hongos, manchas producidas por el sol y la poluci\u00f3n. Es ideal para aplicar antes de barnizar o encerar. Su f\u00f3rmula en gel, evita que el producto chorree, y posee un efecto ultra r\u00e1pido<br \/>\n&#8211; F\u00f3rmula gel, f\u00e1cil de aplicar.<br \/>\n&#8211; Ideal para blanquear maderas deterioradas y manchadas.<br \/>\n&#8211; Elimina manchas de hongos, sol y poluci\u00f3n.<br \/>\n&#8211; Ideal para aplicar antes de barnizar o encerar.<br \/>\n&#8211; No chorrea.<br \/>\n&#8211; Listo para usar.<br \/>\n&#8211; Ultra r\u00e1pido.<\/p>\n","protected":false},"excerpt":{"rendered":"<p>Sal De Limon Gel es un producto desarrollado para eliminar manchas de hongos, manchas producidas por el sol y la poluci\u00f3n.<\/p>\n","protected":false},"featured_media":1149,"comment_status":"open","ping_status":"closed","template":"","meta":[],"product_cat":[29],"product_tag":[],"_links":{"self":[{"href":"https:\/\/jlfsas.com\/index.php?rest_route=\/wp\/v3\/product\/1143"}],"collection":[{"href":"https:\/\/jlfsas.com\/index.php?rest_route=\/wp\/v3\/product"}],"about":[{"href":"https:\/\/jlfsas.com\/index.php?rest_route=\/wp\/v2\/types\/product"}],"replies":[{"embeddable":true,"href":"https:\/\/jlfsas.com\/index.php?rest_route=%2Fwp%2Fv2%2Fcomments&post=1143"}],"wp:featuredmedia":[{"embeddable":true,"href":"https:\/\/jlfsas.com\/index.php?rest_route=\/wp\/v2\/media\/1149"}],"wp:attachment":[{"href":"https:\/\/jlfsas.com\/index.php?rest_route=%2Fwp%2Fv2%2Fmedia&parent=1143"}],"wp:term":[{"taxonomy":"product_cat","embeddable":true,"href":"https:\/\/jlfsas.com\/index.php?rest_route=%2Fwp%2Fv2%2Fproduct_cat&post=1143"},{"taxonomy":"product_tag","embeddable":true,"href":"https:\/\/jlfsas.com\/index.php?rest_route=%2Fwp%2Fv2%2Fproduct_tag&post=1143"}],"curies":[{"name":"wp","href":"https:\/\/api.w.org\/{rel}","templated":true}]}}