{"id":1140,"date":"2023-05-29T14:39:47","date_gmt":"2023-05-29T14:39:47","guid":{"rendered":"https:\/\/jlfsas.com\/?post_type=product&#038;p=1140"},"modified":"2023-05-29T14:44:36","modified_gmt":"2023-05-29T14:44:36","slug":"quita-sarro-y-verdin-piscinas-gel","status":"publish","type":"product","link":"https:\/\/jlfsas.com\/?product=quita-sarro-y-verdin-piscinas-gel","title":{"rendered":"Quita Sarro Y Verdin Piscinas Gel"},"content":{"rendered":"<p>Quita Sarro Y Verdin Piscinas Gel es apto para piscinas azulejadas, pintadas y pl\u00e1sticas. Tambi\u00e9n puede ser utilizado para renovar baldosones at\u00e9rmicos.<\/p>\n<p><button style=\"background-color: red;\" spellcheck=\"false\" data-lt-tmp-id=\"lt-446323\" data-gramm=\"false\"><a style=\"color: white;\" href=\"http:\/\/jlfsas.com\/wp-content\/uploads\/2023\/05\/QUITA_SARRO_Y_VERDIN_PISCINAS-JLF-SAS.pdf\" target=\"_blank\" rel=\"noopener\">Descargar Ficha T\u00e9cnica<\/a> <\/button><\/p>\n","protected":false},"excerpt":{"rendered":"<p>Quita Sarro y Verdin Piscinas Gel est\u00e1 especialmente formulado para eliminar el sarro y verd\u00edn de superficies expuestas al agua. Ideal para aplicar en paredes de piscinas azulejadas, pintadas o pl\u00e1sticas.<\/p>\n","protected":false},"featured_media":1142,"comment_status":"open","ping_status":"closed","template":"","meta":[],"product_cat":[30,29],"product_tag":[],"_links":{"self":[{"href":"https:\/\/jlfsas.com\/index.php?rest_route=\/wp\/v3\/product\/1140"}],"collection":[{"href":"https:\/\/jlfsas.com\/index.php?rest_route=\/wp\/v3\/product"}],"about":[{"href":"https:\/\/jlfsas.com\/index.php?rest_route=\/wp\/v2\/types\/product"}],"replies":[{"embeddable":true,"href":"https:\/\/jlfsas.com\/index.php?rest_route=%2Fwp%2Fv2%2Fcomments&post=1140"}],"wp:featuredmedia":[{"embeddable":true,"href":"https:\/\/jlfsas.com\/index.php?rest_route=\/wp\/v2\/media\/1142"}],"wp:attachment":[{"href":"https:\/\/jlfsas.com\/index.php?rest_route=%2Fwp%2Fv2%2Fmedia&parent=1140"}],"wp:term":[{"taxonomy":"product_cat","embeddable":true,"href":"https:\/\/jlfsas.com\/index.php?rest_route=%2Fwp%2Fv2%2Fproduct_cat&post=1140"},{"taxonomy":"product_tag","embeddable":true,"href":"https:\/\/jlfsas.com\/index.php?rest_route=%2Fwp%2Fv2%2Fproduct_tag&post=1140"}],"curies":[{"name":"wp","href":"https:\/\/api.w.org\/{rel}","templated":true}]}}