{"id":1130,"date":"2023-05-29T14:05:06","date_gmt":"2023-05-29T14:05:06","guid":{"rendered":"https:\/\/jlfsas.com\/?post_type=product&#038;p=1130"},"modified":"2023-05-29T14:19:25","modified_gmt":"2023-05-29T14:19:25","slug":"pintura-piscinas-de-fibra-base-agua","status":"publish","type":"product","link":"https:\/\/jlfsas.com\/?product=pintura-piscinas-de-fibra-base-agua","title":{"rendered":"Pintura Piscinas De Fibra Base Agua"},"content":{"rendered":"<p>LIQUITECH PINTURA PARA PISCINAS DE FIBRA forma una pel\u00edcula acr\u00edlica de alta resistencia<br \/>\nque proporciona un recubrimiento impermeable, de gran adherencia, flexible, de muy<br \/>\nbuenas propiedades para proteger piscinas de pl\u00e1stico o fibra de vidrio.<br \/>\nLIQUITECH es muy f\u00e1cil de aplicar debido a su f\u00f3rmula acr\u00edlica base acuosa, que no requiere<br \/>\nagregado de solventes inflamables y adem\u00e1s no genera evaporaciones de hidrocarburos<br \/>\nt\u00f3xicas para la salud.<br \/>\nPosee buena durabilidad y adherencia. Reduce notablemente la adherencia de algas, hongos y moho.<\/p>\n<p><button style=\"background-color: red;\" spellcheck=\"false\" data-lt-tmp-id=\"lt-446323\" data-gramm=\"false\"><a style=\"color: white;\" href=\"http:\/\/jlfsas.com\/wp-content\/uploads\/2023\/05\/PINTURA-PISCINAS-DE-FIBRA-JLF-SAS.pdf\" target=\"_blank\" rel=\"noopener\">Descargar Ficha T\u00e9cnica<\/a> <\/button><\/p>\n","protected":false},"excerpt":{"rendered":"<p>LIQUITECH PINTURA PARA PISCINAS DE FIBRA forma una pel\u00edcula acr\u00edlica de alta resistencia<br \/>\nque proporciona un recubrimiento impermeable, de gran adherencia, flexible, de muy<br \/>\nbuenas propiedades para proteger piscinas de pl\u00e1stico o fibra de vidrio.<\/p>\n","protected":false},"featured_media":1133,"comment_status":"open","ping_status":"closed","template":"","meta":[],"product_cat":[30],"product_tag":[],"_links":{"self":[{"href":"https:\/\/jlfsas.com\/index.php?rest_route=\/wp\/v3\/product\/1130"}],"collection":[{"href":"https:\/\/jlfsas.com\/index.php?rest_route=\/wp\/v3\/product"}],"about":[{"href":"https:\/\/jlfsas.com\/index.php?rest_route=\/wp\/v2\/types\/product"}],"replies":[{"embeddable":true,"href":"https:\/\/jlfsas.com\/index.php?rest_route=%2Fwp%2Fv2%2Fcomments&post=1130"}],"wp:featuredmedia":[{"embeddable":true,"href":"https:\/\/jlfsas.com\/index.php?rest_route=\/wp\/v2\/media\/1133"}],"wp:attachment":[{"href":"https:\/\/jlfsas.com\/index.php?rest_route=%2Fwp%2Fv2%2Fmedia&parent=1130"}],"wp:term":[{"taxonomy":"product_cat","embeddable":true,"href":"https:\/\/jlfsas.com\/index.php?rest_route=%2Fwp%2Fv2%2Fproduct_cat&post=1130"},{"taxonomy":"product_tag","embeddable":true,"href":"https:\/\/jlfsas.com\/index.php?rest_route=%2Fwp%2Fv2%2Fproduct_tag&post=1130"}],"curies":[{"name":"wp","href":"https:\/\/api.w.org\/{rel}","templated":true}]}}