{"id":1128,"date":"2023-05-29T13:56:06","date_gmt":"2023-05-29T13:56:06","guid":{"rendered":"https:\/\/jlfsas.com\/?post_type=product&#038;p=1128"},"modified":"2023-05-29T14:04:58","modified_gmt":"2023-05-29T14:04:58","slug":"micromembrana-para-maderas","status":"publish","type":"product","link":"https:\/\/jlfsas.com\/?product=micromembrana-para-maderas","title":{"rendered":"Micromembrana Para Maderas"},"content":{"rendered":"<p>Liquitech Micromembrana es un protector hidrorepelelente para maderas con filtro UV, Su exclusiva f\u00f3rmula base acuosa de secado ultra r\u00e1pido, sin olor ni solventes permite una<br \/>\nmuy f\u00e1cil aplicaci\u00f3n obteniendo una excelente terminaci\u00f3n natural, suave y delicada que<br \/>\nre\u00e1lza las virtudes de la madera cuidando el medio ambiente y la salud del aplicador.<br \/>\nCOLORES: Cristal, Natural, Nogal, Roble, Caoba, Cedro.<br \/>\nPRESENTACI\u00d3N: 500ml , 1L Y 4L<\/p>\n","protected":false},"excerpt":{"rendered":"<p>Liquitech Micromembrana es un protector hidrorepelelente para maderas con filtro UV.<\/p>\n","protected":false},"featured_media":1129,"comment_status":"open","ping_status":"closed","template":"","meta":[],"product_cat":[28],"product_tag":[],"_links":{"self":[{"href":"https:\/\/jlfsas.com\/index.php?rest_route=\/wp\/v3\/product\/1128"}],"collection":[{"href":"https:\/\/jlfsas.com\/index.php?rest_route=\/wp\/v3\/product"}],"about":[{"href":"https:\/\/jlfsas.com\/index.php?rest_route=\/wp\/v2\/types\/product"}],"replies":[{"embeddable":true,"href":"https:\/\/jlfsas.com\/index.php?rest_route=%2Fwp%2Fv2%2Fcomments&post=1128"}],"wp:featuredmedia":[{"embeddable":true,"href":"https:\/\/jlfsas.com\/index.php?rest_route=\/wp\/v2\/media\/1129"}],"wp:attachment":[{"href":"https:\/\/jlfsas.com\/index.php?rest_route=%2Fwp%2Fv2%2Fmedia&parent=1128"}],"wp:term":[{"taxonomy":"product_cat","embeddable":true,"href":"https:\/\/jlfsas.com\/index.php?rest_route=%2Fwp%2Fv2%2Fproduct_cat&post=1128"},{"taxonomy":"product_tag","embeddable":true,"href":"https:\/\/jlfsas.com\/index.php?rest_route=%2Fwp%2Fv2%2Fproduct_tag&post=1128"}],"curies":[{"name":"wp","href":"https:\/\/api.w.org\/{rel}","templated":true}]}}