{"id":1125,"date":"2023-05-29T13:40:57","date_gmt":"2023-05-29T13:40:57","guid":{"rendered":"https:\/\/jlfsas.com\/?post_type=product&#038;p=1125"},"modified":"2023-05-29T13:56:03","modified_gmt":"2023-05-29T13:56:03","slug":"membrana-para-piscinas","status":"publish","type":"product","link":"https:\/\/jlfsas.com\/?product=membrana-para-piscinas","title":{"rendered":"Membrana Para Piscinas"},"content":{"rendered":"<p>LIQUITECH MEMBRANA PARA PISCINAS forma una membrana elastom\u00e9rica hidrorepelente de alta resistencia. Proporciona un recubrimiento impermeable, flexible, de muy buenas propiedades para proteger piscinas de revoque, mamposter\u00eda, hormig\u00f3n, etc. Resistencia superior al ampollado respetando los tiempos de secado recomendados antes del llenado de la pileta. Pel\u00edcula lisa, mejora imperfecciones al tacto. Posee muy buena durabilidad y una excelente adherencia. No favorece la adherencia de algas, hongos, moho y suciedad. De f\u00e1cil aplicaci\u00f3n y limpieza. Hace r\u00e1pido y agradable el trabajo. Especialmente formulado para pintar piscinas brindando un sellado adicional para las micro-fisuras de hasta 0.1 mm.<\/p>\n<p><button style=\"background-color: red;\" spellcheck=\"false\" data-lt-tmp-id=\"lt-446323\" data-gramm=\"false\"><a style=\"color: white;\" href=\"http:\/\/jlfsas.com\/wp-content\/uploads\/2023\/05\/MEMBRANA-PARA-PSICINAS-LIQUITECH-3en1-JLF-SAS.pdf\" target=\"_blank\" rel=\"noopener\">Descargar Ficha T\u00e9cnica<\/a> <\/button><\/p>\n","protected":false},"excerpt":{"rendered":"<p>Porque es una pintura 3 en 1 especialmente creada para pintar y sellar en simult\u00e1neo, permitiendo embellecer y reparar las microfisuras que presenten las piscinas de cemento. <\/p>\n","protected":false},"featured_media":1127,"comment_status":"open","ping_status":"closed","template":"","meta":[],"product_cat":[30],"product_tag":[],"_links":{"self":[{"href":"https:\/\/jlfsas.com\/index.php?rest_route=\/wp\/v3\/product\/1125"}],"collection":[{"href":"https:\/\/jlfsas.com\/index.php?rest_route=\/wp\/v3\/product"}],"about":[{"href":"https:\/\/jlfsas.com\/index.php?rest_route=\/wp\/v2\/types\/product"}],"replies":[{"embeddable":true,"href":"https:\/\/jlfsas.com\/index.php?rest_route=%2Fwp%2Fv2%2Fcomments&post=1125"}],"wp:featuredmedia":[{"embeddable":true,"href":"https:\/\/jlfsas.com\/index.php?rest_route=\/wp\/v2\/media\/1127"}],"wp:attachment":[{"href":"https:\/\/jlfsas.com\/index.php?rest_route=%2Fwp%2Fv2%2Fmedia&parent=1125"}],"wp:term":[{"taxonomy":"product_cat","embeddable":true,"href":"https:\/\/jlfsas.com\/index.php?rest_route=%2Fwp%2Fv2%2Fproduct_cat&post=1125"},{"taxonomy":"product_tag","embeddable":true,"href":"https:\/\/jlfsas.com\/index.php?rest_route=%2Fwp%2Fv2%2Fproduct_tag&post=1125"}],"curies":[{"name":"wp","href":"https:\/\/api.w.org\/{rel}","templated":true}]}}