{"id":1116,"date":"2023-05-29T13:14:31","date_gmt":"2023-05-29T13:14:31","guid":{"rendered":"https:\/\/jlfsas.com\/?post_type=product&#038;p=1116"},"modified":"2023-05-29T13:19:51","modified_gmt":"2023-05-29T13:19:51","slug":"impermeabilizante-pisos-atermicos-transparente","status":"publish","type":"product","link":"https:\/\/jlfsas.com\/?product=impermeabilizante-pisos-atermicos-transparente","title":{"rendered":"Impermeabilizante Pisos At\u00e9rmicos Transparente"},"content":{"rendered":"<p>Pintura especialmente desarrollada para bordes at\u00e9rmicos de piletas de nataci\u00f3n. Formulaci\u00f3n especial a base de pol\u00edmeros acr\u00edlicos y silicona que le otorga a la pel\u00edcula impermeabilidad, gran adherencia y flexibilidad. Evita la adherencia de algas, hongos, moho y suciedad. Resistente a los productos recomendados para el tratamiento del agua.<br \/>\nEs ideal para aplicar a pisos nuevos o en buen estado.<br \/>\nEsta pintura no altera las propiedades at\u00e9rmicas ni antideslizantes del piso original.<br \/>\nFacilita la limpieza y reduce el manchado.<\/p>\n<p><button style=\"background-color: red;\" spellcheck=\"false\" data-lt-tmp-id=\"lt-446323\" data-gramm=\"false\"><a style=\"color: white;\" href=\"http:\/\/jlfsas.com\/wp-content\/uploads\/2023\/05\/IMPERMEABILIZANTES-PISOS-ATERMICOS-TRANSP-JLF-SAS.pdf\" target=\"_blank\" rel=\"noopener\">Descargar Ficha T\u00e9cnica<\/a> <\/button><\/p>\n","protected":false},"excerpt":{"rendered":"<p>Pintura especialmente desarrollada para bordes at\u00e9rmicos de piletas de nataci\u00f3n.<\/p>\n","protected":false},"featured_media":1118,"comment_status":"open","ping_status":"closed","template":"","meta":[],"product_cat":[30,29],"product_tag":[],"_links":{"self":[{"href":"https:\/\/jlfsas.com\/index.php?rest_route=\/wp\/v3\/product\/1116"}],"collection":[{"href":"https:\/\/jlfsas.com\/index.php?rest_route=\/wp\/v3\/product"}],"about":[{"href":"https:\/\/jlfsas.com\/index.php?rest_route=\/wp\/v2\/types\/product"}],"replies":[{"embeddable":true,"href":"https:\/\/jlfsas.com\/index.php?rest_route=%2Fwp%2Fv2%2Fcomments&post=1116"}],"wp:featuredmedia":[{"embeddable":true,"href":"https:\/\/jlfsas.com\/index.php?rest_route=\/wp\/v2\/media\/1118"}],"wp:attachment":[{"href":"https:\/\/jlfsas.com\/index.php?rest_route=%2Fwp%2Fv2%2Fmedia&parent=1116"}],"wp:term":[{"taxonomy":"product_cat","embeddable":true,"href":"https:\/\/jlfsas.com\/index.php?rest_route=%2Fwp%2Fv2%2Fproduct_cat&post=1116"},{"taxonomy":"product_tag","embeddable":true,"href":"https:\/\/jlfsas.com\/index.php?rest_route=%2Fwp%2Fv2%2Fproduct_tag&post=1116"}],"curies":[{"name":"wp","href":"https:\/\/api.w.org\/{rel}","templated":true}]}}