{"id":1100,"date":"2023-05-29T12:28:04","date_gmt":"2023-05-29T12:28:04","guid":{"rendered":"https:\/\/jlfsas.com\/?post_type=product&#038;p=1100"},"modified":"2023-05-29T12:33:37","modified_gmt":"2023-05-29T12:33:37","slug":"aquastop-pintura-antisalitre-humedad","status":"publish","type":"product","link":"https:\/\/jlfsas.com\/?product=aquastop-pintura-antisalitre-humedad","title":{"rendered":"Aquastop Pintura Antisalitre-humedad"},"content":{"rendered":"<p>Aquastop, es un producto listo para usar, formulado para brindar capacidad hidr\u00f3fuga a las superficies de concreto, ladrillo, cemento, bloques y otras superficies de mamposter\u00eda.<\/p>\n<p>Previene la filtraci\u00f3n de agua a trav\u00e9s de paredes de cemento, mamposter\u00eda y bloques de concreto.<br \/>\nPreviene el crecimiento de moho y hongos en la pel\u00edcula de pintura*.<br \/>\nBloquea la aparici\u00f3n de salitre (eflorescencia: dep\u00f3sito residual en forma de polvillo blanco o pelusa).<br \/>\nPuede aplicarse sobre o bajo el nivel del suelo.<br \/>\nSecado r\u00e1pido.<\/p>\n","protected":false},"excerpt":{"rendered":"<p>Aquastop, es un producto listo para usar, formulado para brindar capacidad hidr\u00f3fuga a las superficies de concreto, ladrillo, cemento, bloques y otras superficies de mamposter\u00eda<\/p>\n","protected":false},"featured_media":1101,"comment_status":"open","ping_status":"closed","template":"","meta":[],"product_cat":[23,29],"product_tag":[],"_links":{"self":[{"href":"https:\/\/jlfsas.com\/index.php?rest_route=\/wp\/v3\/product\/1100"}],"collection":[{"href":"https:\/\/jlfsas.com\/index.php?rest_route=\/wp\/v3\/product"}],"about":[{"href":"https:\/\/jlfsas.com\/index.php?rest_route=\/wp\/v2\/types\/product"}],"replies":[{"embeddable":true,"href":"https:\/\/jlfsas.com\/index.php?rest_route=%2Fwp%2Fv2%2Fcomments&post=1100"}],"wp:featuredmedia":[{"embeddable":true,"href":"https:\/\/jlfsas.com\/index.php?rest_route=\/wp\/v2\/media\/1101"}],"wp:attachment":[{"href":"https:\/\/jlfsas.com\/index.php?rest_route=%2Fwp%2Fv2%2Fmedia&parent=1100"}],"wp:term":[{"taxonomy":"product_cat","embeddable":true,"href":"https:\/\/jlfsas.com\/index.php?rest_route=%2Fwp%2Fv2%2Fproduct_cat&post=1100"},{"taxonomy":"product_tag","embeddable":true,"href":"https:\/\/jlfsas.com\/index.php?rest_route=%2Fwp%2Fv2%2Fproduct_tag&post=1100"}],"curies":[{"name":"wp","href":"https:\/\/api.w.org\/{rel}","templated":true}]}}