{"id":1082,"date":"2023-05-24T13:54:10","date_gmt":"2023-05-24T13:54:10","guid":{"rendered":"https:\/\/jlfsas.com\/?post_type=product&#038;p=1082"},"modified":"2023-05-24T14:20:26","modified_gmt":"2023-05-24T14:20:26","slug":"sika-monotop-312","status":"publish","type":"product","link":"https:\/\/jlfsas.com\/?product=sika-monotop-312","title":{"rendered":"Sika MonoTop -312"},"content":{"rendered":"<p>Sika MonoTop\u00ae-312 NFG es un mortero de reparaci\u00f3n estructural de un componente, de baja retracci\u00f3n, con fibras incorporadas. Posee caracter\u00edsticas tixotr\u00f3picas que le permiten ser usado sobre cabeza, sin descuelgue.<\/p>\n<p>En estado fresco Sika MonoTop\u00ae-312 NFG tiene las siguientes propiedades:<br \/>\nMuy sencilla elaboraci\u00f3n, solo se agrega agua y listo para usar.<br \/>\nInhibidor de la corrosi\u00f3n, no requiere la aplicaci\u00f3n de un producto para la protecci\u00f3n de las barras de acero.<br \/>\nBuena adherencia a los soportes de hormig\u00f3n, acero, morteros cement\u00edcios, ladrillos, fibrocemento, piedras naturales y artificiales.<br \/>\nNo se descuelga en aplicaciones invertidas (sobre cabeza), ni se desliza en superficies verticales.<\/p>\n<p>Una vez fraguado, Sika MonoTop\u00ae-312 NFG tiene las siguientes ventajas:<br \/>\nBuenas resistencias mec\u00e1nicas iniciales y finales ante solicitaciones de compresi\u00f3n, tracci\u00f3n, flexi\u00f3n, etc.<br \/>\nProtege la armadura contra la corrosi\u00f3n, aumentando la durabilidad de la estructura.<br \/>\nBaja absorci\u00f3n de agua.<\/p>\n<p><button style=\"background-color: red;\" spellcheck=\"false\" data-lt-tmp-id=\"lt-446323\" data-gramm=\"false\"><a style=\"color: white;\" href=\"http:\/\/jlfsas.com\/wp-content\/uploads\/2023\/05\/Sika-Monotop-312-NFG-JLF-SAS.pdf\" target=\"_blank\" rel=\"noopener\">Descargar Ficha T\u00e9cnica<\/a> <\/button><\/p>\n","protected":false},"excerpt":{"rendered":"<p>Sika MonoTop\u00ae-312 NFG es un mortero de reparaci\u00f3n estructural de un componente, de baja retracci\u00f3n, con fibras incorporadas. <\/p>\n","protected":false},"featured_media":1083,"comment_status":"open","ping_status":"closed","template":"","meta":[],"product_cat":[27],"product_tag":[],"_links":{"self":[{"href":"https:\/\/jlfsas.com\/index.php?rest_route=\/wp\/v3\/product\/1082"}],"collection":[{"href":"https:\/\/jlfsas.com\/index.php?rest_route=\/wp\/v3\/product"}],"about":[{"href":"https:\/\/jlfsas.com\/index.php?rest_route=\/wp\/v2\/types\/product"}],"replies":[{"embeddable":true,"href":"https:\/\/jlfsas.com\/index.php?rest_route=%2Fwp%2Fv2%2Fcomments&post=1082"}],"wp:featuredmedia":[{"embeddable":true,"href":"https:\/\/jlfsas.com\/index.php?rest_route=\/wp\/v2\/media\/1083"}],"wp:attachment":[{"href":"https:\/\/jlfsas.com\/index.php?rest_route=%2Fwp%2Fv2%2Fmedia&parent=1082"}],"wp:term":[{"taxonomy":"product_cat","embeddable":true,"href":"https:\/\/jlfsas.com\/index.php?rest_route=%2Fwp%2Fv2%2Fproduct_cat&post=1082"},{"taxonomy":"product_tag","embeddable":true,"href":"https:\/\/jlfsas.com\/index.php?rest_route=%2Fwp%2Fv2%2Fproduct_tag&post=1082"}],"curies":[{"name":"wp","href":"https:\/\/api.w.org\/{rel}","templated":true}]}}