{"id":1074,"date":"2023-05-24T13:28:02","date_gmt":"2023-05-24T13:28:02","guid":{"rendered":"https:\/\/jlfsas.com\/?post_type=product&#038;p=1074"},"modified":"2023-05-24T13:40:46","modified_gmt":"2023-05-24T13:40:46","slug":"sikafloor-curehard-24","status":"publish","type":"product","link":"https:\/\/jlfsas.com\/?product=sikafloor-curehard-24","title":{"rendered":"Sikafloor Curehard 24"},"content":{"rendered":"<p>El Sikafloor\u00ae CureHard-24 es un l\u00edquido incoloro a base de silicato s\u00f3dico que penetra en el hormig\u00f3n para protegerlo, preservarlo y fortalecerlo.<br \/>\nAl solidificar los componentes del hormig\u00f3n se obtiene un material m\u00e1s duro e impermeable con una mejor terminaci\u00f3n. Sikafloor\u00ae CureHard-24 produce una densificaci\u00f3n del material a trav\u00e9s de una reacci\u00f3n qu\u00edmica con la humedad y los agentes qu\u00edmicos que contienen los hormigones.<br \/>\nAl mismo tiempo, el material aumenta superficialmente su impermeabilidad contra la humedad y la penetraci\u00f3n de aceites y otros contaminantes.<br \/>\nEl Sikafloor\u00ae CureHard-24 proporciona una superficie natural con un ligero brillo y sin formaci\u00f3n de pel\u00edcula.<\/p>\n<p><button style=\"background-color: red;\" spellcheck=\"false\" data-lt-tmp-id=\"lt-446323\" data-gramm=\"false\"><a style=\"color: white;\" href=\"http:\/\/jlfsas.com\/wp-content\/uploads\/2023\/05\/Sikafloor-Curehard-24-JLF-SAS.pdf\" target=\"_blank\" rel=\"noopener\">Descargar Ficha T\u00e9cnica<\/a> <\/button><\/p>\n","protected":false},"excerpt":{"rendered":"<p>El Sikafloor\u00ae CureHard-24 es un l\u00edquido incoloro a base de silicato s\u00f3dico que penetra en el hormig\u00f3n para protegerlo, preservarlo y fortalecerlo.<\/p>\n","protected":false},"featured_media":1077,"comment_status":"open","ping_status":"closed","template":"","meta":[],"product_cat":[28],"product_tag":[],"_links":{"self":[{"href":"https:\/\/jlfsas.com\/index.php?rest_route=\/wp\/v3\/product\/1074"}],"collection":[{"href":"https:\/\/jlfsas.com\/index.php?rest_route=\/wp\/v3\/product"}],"about":[{"href":"https:\/\/jlfsas.com\/index.php?rest_route=\/wp\/v2\/types\/product"}],"replies":[{"embeddable":true,"href":"https:\/\/jlfsas.com\/index.php?rest_route=%2Fwp%2Fv2%2Fcomments&post=1074"}],"wp:featuredmedia":[{"embeddable":true,"href":"https:\/\/jlfsas.com\/index.php?rest_route=\/wp\/v2\/media\/1077"}],"wp:attachment":[{"href":"https:\/\/jlfsas.com\/index.php?rest_route=%2Fwp%2Fv2%2Fmedia&parent=1074"}],"wp:term":[{"taxonomy":"product_cat","embeddable":true,"href":"https:\/\/jlfsas.com\/index.php?rest_route=%2Fwp%2Fv2%2Fproduct_cat&post=1074"},{"taxonomy":"product_tag","embeddable":true,"href":"https:\/\/jlfsas.com\/index.php?rest_route=%2Fwp%2Fv2%2Fproduct_tag&post=1074"}],"curies":[{"name":"wp","href":"https:\/\/api.w.org\/{rel}","templated":true}]}}