{"id":1071,"date":"2023-05-24T13:19:11","date_gmt":"2023-05-24T13:19:11","guid":{"rendered":"https:\/\/jlfsas.com\/?post_type=product&#038;p=1071"},"modified":"2023-05-24T13:26:51","modified_gmt":"2023-05-24T13:26:51","slug":"sikafloor-colorseal","status":"publish","type":"product","link":"https:\/\/jlfsas.com\/?product=sikafloor-colorseal","title":{"rendered":"Sikafloor ColorSeal"},"content":{"rendered":"<p>Sikafloor\u00ae ColorSeal es una pintura de un solo componente, de base acr\u00edlica en solventes, de aplicaci\u00f3n superficial para el curado, sellado y protecci\u00f3n en pisos de hormig\u00f3n fresco o endurecido.<\/p>\n<p><button style=\"background-color: red;\" spellcheck=\"false\" data-lt-tmp-id=\"lt-446323\" data-gramm=\"false\"><a style=\"color: white;\" href=\"http:\/\/jlfsas.com\/wp-content\/uploads\/2023\/04\/Inertol-Infiltracion.pdf\" target=\"_blank\" rel=\"noopener\">Descargar Ficha T\u00e9cnica<\/a> <\/button><\/p>\n","protected":false},"excerpt":{"rendered":"<p>Pintura acr\u00edlica de base solvente, decorativa y de protecci\u00f3n para pisos de hormig\u00f3n.<\/p>\n","protected":false},"featured_media":1073,"comment_status":"open","ping_status":"closed","template":"","meta":[],"product_cat":[28],"product_tag":[],"_links":{"self":[{"href":"https:\/\/jlfsas.com\/index.php?rest_route=\/wp\/v3\/product\/1071"}],"collection":[{"href":"https:\/\/jlfsas.com\/index.php?rest_route=\/wp\/v3\/product"}],"about":[{"href":"https:\/\/jlfsas.com\/index.php?rest_route=\/wp\/v2\/types\/product"}],"replies":[{"embeddable":true,"href":"https:\/\/jlfsas.com\/index.php?rest_route=%2Fwp%2Fv2%2Fcomments&post=1071"}],"wp:featuredmedia":[{"embeddable":true,"href":"https:\/\/jlfsas.com\/index.php?rest_route=\/wp\/v2\/media\/1073"}],"wp:attachment":[{"href":"https:\/\/jlfsas.com\/index.php?rest_route=%2Fwp%2Fv2%2Fmedia&parent=1071"}],"wp:term":[{"taxonomy":"product_cat","embeddable":true,"href":"https:\/\/jlfsas.com\/index.php?rest_route=%2Fwp%2Fv2%2Fproduct_cat&post=1071"},{"taxonomy":"product_tag","embeddable":true,"href":"https:\/\/jlfsas.com\/index.php?rest_route=%2Fwp%2Fv2%2Fproduct_tag&post=1071"}],"curies":[{"name":"wp","href":"https:\/\/api.w.org\/{rel}","templated":true}]}}