{"id":1068,"date":"2023-05-24T13:05:42","date_gmt":"2023-05-24T13:05:42","guid":{"rendered":"https:\/\/jlfsas.com\/?post_type=product&#038;p=1068"},"modified":"2023-05-24T13:13:57","modified_gmt":"2023-05-24T13:13:57","slug":"sika-poxitar","status":"publish","type":"product","link":"https:\/\/jlfsas.com\/?product=sika-poxitar","title":{"rendered":"Sika Poxitar"},"content":{"rendered":"<p>Pintura de dos componentes a base de resinas epoxi y aceite de antraceno, libre de breas de hulla, con cargas minerales y con alto contenido de s\u00f3lidos.<\/p>\n<p>Luego de curado Sika\u00ae Poxitar, es:<br \/>\nResistente a la abrasi\u00f3n y al impacto<br \/>\nResistente a efluentes cloacales, efluentes industriales y agentes qu\u00edmicos<br \/>\nSika\u00ae Poxitar puede ser expuesto al agua inmediatamente despu\u00e9s de su aplicaci\u00f3n, en este caso tener en cuenta que los solventes entran en contacto con el agua provocando una contaminaci\u00f3n temporaria. La exposici\u00f3n inmediata con el agua debe ser considerada por lo tanto en casos<br \/>\nespeciales y luego de consultar a las autoridades de protecci\u00f3n ambiental correspondientes.<\/p>\n<p><button style=\"background-color: red;\" spellcheck=\"false\" data-lt-tmp-id=\"lt-446323\" data-gramm=\"false\"><a style=\"color: white;\" href=\"http:\/\/jlfsas.com\/wp-content\/uploads\/2023\/05\/Sika-Poxitar-JLF-SAS.pdf\" target=\"_blank\" rel=\"noopener\">Descargar Ficha T\u00e9cnica<\/a> <\/button><\/p>\n","protected":false},"excerpt":{"rendered":"<p>Revestimiento de altas resistencias y larga vida de mezcla a base de resinas epoxi y aceite de antraceno.<\/p>\n","protected":false},"featured_media":1070,"comment_status":"open","ping_status":"closed","template":"","meta":[],"product_cat":[28],"product_tag":[],"_links":{"self":[{"href":"https:\/\/jlfsas.com\/index.php?rest_route=\/wp\/v3\/product\/1068"}],"collection":[{"href":"https:\/\/jlfsas.com\/index.php?rest_route=\/wp\/v3\/product"}],"about":[{"href":"https:\/\/jlfsas.com\/index.php?rest_route=\/wp\/v2\/types\/product"}],"replies":[{"embeddable":true,"href":"https:\/\/jlfsas.com\/index.php?rest_route=%2Fwp%2Fv2%2Fcomments&post=1068"}],"wp:featuredmedia":[{"embeddable":true,"href":"https:\/\/jlfsas.com\/index.php?rest_route=\/wp\/v2\/media\/1070"}],"wp:attachment":[{"href":"https:\/\/jlfsas.com\/index.php?rest_route=%2Fwp%2Fv2%2Fmedia&parent=1068"}],"wp:term":[{"taxonomy":"product_cat","embeddable":true,"href":"https:\/\/jlfsas.com\/index.php?rest_route=%2Fwp%2Fv2%2Fproduct_cat&post=1068"},{"taxonomy":"product_tag","embeddable":true,"href":"https:\/\/jlfsas.com\/index.php?rest_route=%2Fwp%2Fv2%2Fproduct_tag&post=1068"}],"curies":[{"name":"wp","href":"https:\/\/api.w.org\/{rel}","templated":true}]}}