{"id":1065,"date":"2023-05-24T12:57:39","date_gmt":"2023-05-24T12:57:39","guid":{"rendered":"https:\/\/jlfsas.com\/?post_type=product&#038;p=1065"},"modified":"2023-05-24T13:04:22","modified_gmt":"2023-05-24T13:04:22","slug":"sika-fastfix-200","status":"publish","type":"product","link":"https:\/\/jlfsas.com\/?product=sika-fastfix-200","title":{"rendered":"Sika FastFIX-200"},"content":{"rendered":"<p>Sika FastFix\u00ae-200 es un mortero cement\u00edcio monocomponente y autoimprimante dise\u00f1ado para reparaciones y bacheos confinados de r\u00e1pida habilitaci\u00f3n.<br \/>\nEs de f\u00e1cil aplicaci\u00f3n.<br \/>\nNo es barrera de vapor.<br \/>\nR\u00e1pida habilitaci\u00f3n: de 6 a 8 hs., de acuerdo a condiciones clim\u00e1ticas.<\/p>\n<p><button style=\"background-color: red;\" spellcheck=\"false\" data-lt-tmp-id=\"lt-446323\" data-gramm=\"false\"><a style=\"color: white;\" href=\"http:\/\/jlfsas.com\/wp-content\/uploads\/2023\/05\/Sika-Fastfix-200-JLF-SAS.pdf\" target=\"_blank\" rel=\"noopener\">Descargar Ficha T\u00e9cnica<\/a> <\/button><\/p>\n","protected":false},"excerpt":{"rendered":"<p>Sika FastFix\u00ae-200 es un mortero cement\u00edcio monocomponente y autoimprimante dise\u00f1ado para reparaciones y bacheos confinados de r\u00e1pida habilitaci\u00f3n.<\/p>\n","protected":false},"featured_media":1067,"comment_status":"open","ping_status":"closed","template":"","meta":[],"product_cat":[28],"product_tag":[],"_links":{"self":[{"href":"https:\/\/jlfsas.com\/index.php?rest_route=\/wp\/v3\/product\/1065"}],"collection":[{"href":"https:\/\/jlfsas.com\/index.php?rest_route=\/wp\/v3\/product"}],"about":[{"href":"https:\/\/jlfsas.com\/index.php?rest_route=\/wp\/v2\/types\/product"}],"replies":[{"embeddable":true,"href":"https:\/\/jlfsas.com\/index.php?rest_route=%2Fwp%2Fv2%2Fcomments&post=1065"}],"wp:featuredmedia":[{"embeddable":true,"href":"https:\/\/jlfsas.com\/index.php?rest_route=\/wp\/v2\/media\/1067"}],"wp:attachment":[{"href":"https:\/\/jlfsas.com\/index.php?rest_route=%2Fwp%2Fv2%2Fmedia&parent=1065"}],"wp:term":[{"taxonomy":"product_cat","embeddable":true,"href":"https:\/\/jlfsas.com\/index.php?rest_route=%2Fwp%2Fv2%2Fproduct_cat&post=1065"},{"taxonomy":"product_tag","embeddable":true,"href":"https:\/\/jlfsas.com\/index.php?rest_route=%2Fwp%2Fv2%2Fproduct_tag&post=1065"}],"curies":[{"name":"wp","href":"https:\/\/api.w.org\/{rel}","templated":true}]}}