{"id":1061,"date":"2023-05-24T12:45:49","date_gmt":"2023-05-24T12:45:49","guid":{"rendered":"https:\/\/jlfsas.com\/?post_type=product&#038;p=1061"},"modified":"2023-05-24T12:53:06","modified_gmt":"2023-05-24T12:53:06","slug":"sikaguard-max","status":"publish","type":"product","link":"https:\/\/jlfsas.com\/?product=sikaguard-max","title":{"rendered":"Sikaguard MAX"},"content":{"rendered":"<p>Sikaguard\u00ae MAX es un impermeabilizante transparente incoloro de un solo componente, para usar sobre sustratos absorbentes expuestos al agua de lluvia. Penetra en los poros abiertos del sustrato otorgando una impermeabilizaci\u00f3n de alta performance y durable, mientras que permite la difusi\u00f3n del vapor en ambas direcciones. No forma pel\u00edcula y no cambia el aspecto original de la base.<\/p>\n<p>Repele totalmente el agua de lluvia. Reduce la absorci\u00f3n capilar por la tensi\u00f3n superficial que genera.<br \/>\nAlto grado de penetraci\u00f3n.<br \/>\nListo para usar (no se diluye en obra).<\/p>\n<p><button style=\"background-color: red;\" spellcheck=\"false\" data-lt-tmp-id=\"lt-446323\" data-gramm=\"false\"><a style=\"color: white;\" href=\"http:\/\/jlfsas.com\/wp-content\/uploads\/2023\/05\/Sikaguard-Max-JLF-SAS.pdf\" target=\"_blank\" rel=\"noopener\">Descargar Ficha T\u00e9cnica<\/a> <\/button><\/p>\n","protected":false},"excerpt":{"rendered":"<p>Sikaguard\u00ae MAX es un impermeabilizante transparente incoloro de un solo componente, para usar sobre sustratos absorbentes expuestos al agua de lluvia.<\/p>\n","protected":false},"featured_media":1063,"comment_status":"open","ping_status":"closed","template":"","meta":[],"product_cat":[23],"product_tag":[],"_links":{"self":[{"href":"https:\/\/jlfsas.com\/index.php?rest_route=\/wp\/v3\/product\/1061"}],"collection":[{"href":"https:\/\/jlfsas.com\/index.php?rest_route=\/wp\/v3\/product"}],"about":[{"href":"https:\/\/jlfsas.com\/index.php?rest_route=\/wp\/v2\/types\/product"}],"replies":[{"embeddable":true,"href":"https:\/\/jlfsas.com\/index.php?rest_route=%2Fwp%2Fv2%2Fcomments&post=1061"}],"wp:featuredmedia":[{"embeddable":true,"href":"https:\/\/jlfsas.com\/index.php?rest_route=\/wp\/v2\/media\/1063"}],"wp:attachment":[{"href":"https:\/\/jlfsas.com\/index.php?rest_route=%2Fwp%2Fv2%2Fmedia&parent=1061"}],"wp:term":[{"taxonomy":"product_cat","embeddable":true,"href":"https:\/\/jlfsas.com\/index.php?rest_route=%2Fwp%2Fv2%2Fproduct_cat&post=1061"},{"taxonomy":"product_tag","embeddable":true,"href":"https:\/\/jlfsas.com\/index.php?rest_route=%2Fwp%2Fv2%2Fproduct_tag&post=1061"}],"curies":[{"name":"wp","href":"https:\/\/api.w.org\/{rel}","templated":true}]}}