{"id":1048,"date":"2023-05-22T15:50:26","date_gmt":"2023-05-22T15:50:26","guid":{"rendered":"https:\/\/jlfsas.com\/?post_type=product&#038;p=1048"},"modified":"2023-05-22T15:54:26","modified_gmt":"2023-05-22T15:54:26","slug":"sika-sigunit-l-500-ar","status":"publish","type":"product","link":"https:\/\/jlfsas.com\/?product=sika-sigunit-l-500-ar","title":{"rendered":"Sika Sigunit L-500 AR"},"content":{"rendered":"<p>Sika\u00ae Sigunit\u00ae L-500 AR es un aditivo acelerante de frag\u00fce de elevado rendimiento, libre de \u00e1lcalis, para su uso en hormigones proyectados por v\u00eda seca o h\u00fameda.<br \/>\nDesarrollado para ser utilizado en hormig\u00f3n proyectado tanto por v\u00eda h\u00fameda como mediante v\u00eda seca.<br \/>\nAplicado correctamente, no se generan disminuciones de resistencias finales a compresi\u00f3n o tracci\u00f3n. Sika\u00ae Sigunit\u00ae L-500 AR mejora el aspecto de la capa de<br \/>\nhormig\u00f3n gunitado. Sika\u00ae Sigunit\u00ae L-500 AR permite la aplicaci\u00f3n de hormigones o morteros de elevada resistencia mec\u00e1nica sobre superficies h\u00famedas o con<br \/>\npeque\u00f1as filtraciones de agua, generando capas de alta resistencia y adherencia sobre el fondo de roca, mamposter\u00edas u hormigones.<\/p>\n<p><button style=\"background-color: red;\" spellcheck=\"false\" data-lt-tmp-id=\"lt-446323\" data-gramm=\"false\"><a style=\"color: white;\" href=\"http:\/\/jlfsas.com\/wp-content\/uploads\/2023\/05\/Sika-Sigunit-L-500AR-JLF-SAS.pdf\" target=\"_blank\" rel=\"noopener\">Descargar Ficha T\u00e9cnica<\/a> <\/button><\/p>\n","protected":false},"excerpt":{"rendered":"<p>Sika\u00ae Sigunit\u00ae L-500 AR es un aditivo acelerante de frag\u00fce de elevado rendimiento, libre de \u00e1lcalis, para su uso en hormigones proyectados por v\u00eda seca o h\u00fameda.<\/p>\n","protected":false},"featured_media":827,"comment_status":"open","ping_status":"closed","template":"","meta":[],"product_cat":[25],"product_tag":[],"_links":{"self":[{"href":"https:\/\/jlfsas.com\/index.php?rest_route=\/wp\/v3\/product\/1048"}],"collection":[{"href":"https:\/\/jlfsas.com\/index.php?rest_route=\/wp\/v3\/product"}],"about":[{"href":"https:\/\/jlfsas.com\/index.php?rest_route=\/wp\/v2\/types\/product"}],"replies":[{"embeddable":true,"href":"https:\/\/jlfsas.com\/index.php?rest_route=%2Fwp%2Fv2%2Fcomments&post=1048"}],"wp:featuredmedia":[{"embeddable":true,"href":"https:\/\/jlfsas.com\/index.php?rest_route=\/wp\/v2\/media\/827"}],"wp:attachment":[{"href":"https:\/\/jlfsas.com\/index.php?rest_route=%2Fwp%2Fv2%2Fmedia&parent=1048"}],"wp:term":[{"taxonomy":"product_cat","embeddable":true,"href":"https:\/\/jlfsas.com\/index.php?rest_route=%2Fwp%2Fv2%2Fproduct_cat&post=1048"},{"taxonomy":"product_tag","embeddable":true,"href":"https:\/\/jlfsas.com\/index.php?rest_route=%2Fwp%2Fv2%2Fproduct_tag&post=1048"}],"curies":[{"name":"wp","href":"https:\/\/api.w.org\/{rel}","templated":true}]}}