{"id":1036,"date":"2023-05-22T15:22:54","date_gmt":"2023-05-22T15:22:54","guid":{"rendered":"https:\/\/jlfsas.com\/?post_type=product&#038;p=1036"},"modified":"2023-05-22T15:25:45","modified_gmt":"2023-05-22T15:25:45","slug":"sika-aer","status":"publish","type":"product","link":"https:\/\/jlfsas.com\/?product=sika-aer","title":{"rendered":"Sika Aer"},"content":{"rendered":"<p>SIKA AER es un aditivo concentrado (se usa en peque\u00f1as dosis) para el hormig\u00f3n. Su gran eficacia se basa en la oclusi\u00f3n de aire, que se distribuye uniformemente en forma de microburbujas (10 a 200 \u00b5 de di\u00e1metro); estas microburbujas desempe\u00f1an el papel de vasos de expansi\u00f3n y limitan la presi\u00f3n hidrost\u00e1tica (el hormig\u00f3n se disgrega bajo el efecto de tensiones provocadas por la presi\u00f3n hidr\u00e1ulica debidas al congelamiento del agua).<\/p>\n<p>SIKA AER es recomendable para estructuras hidr\u00e1ulicas en general (diques, canales, conductos), estructuras de fundaci\u00f3n, pistas y pavimentos, hormig\u00f3n masivo, y cualquier tipo de estructuras sometidas a:<br \/>\nTemperaturas de congelamiento y deshielo.<br \/>\nAmplitud t\u00e9rmica elevada.<br \/>\nAgresiones qu\u00edmicas de aguas, agua de mar y suelos.<br \/>\nEn los casos en que se desea mejorar la trabajabilidad de las mezclas, especialmente cuando se utilizan agregados defectuosos (arenas de trituraci\u00f3n, granulometr\u00eda discontinua, etc.) y bajo contenido de cemento.<br \/>\nCuando se desea disminuir la exudaci\u00f3n.<\/p>\n<p><button style=\"background-color: red;\" spellcheck=\"false\" data-lt-tmp-id=\"lt-446323\" data-gramm=\"false\"><a style=\"color: white;\" href=\"http:\/\/jlfsas.com\/wp-content\/uploads\/2023\/05\/Sika-Aer-JLF-SAS.pdf\"> target=\u00bb_blank\u00bb rel=\u00bbnoopener\u00bb>Descargar Ficha T\u00e9cnica<\/a> <\/button><\/p>\n","protected":false},"excerpt":{"rendered":"<p>Aditivo para hormig\u00f3n, incorporador de aire. No es t\u00f3xico ni inflamable.<\/p>\n","protected":false},"featured_media":827,"comment_status":"open","ping_status":"closed","template":"","meta":[],"product_cat":[25],"product_tag":[],"_links":{"self":[{"href":"https:\/\/jlfsas.com\/index.php?rest_route=\/wp\/v3\/product\/1036"}],"collection":[{"href":"https:\/\/jlfsas.com\/index.php?rest_route=\/wp\/v3\/product"}],"about":[{"href":"https:\/\/jlfsas.com\/index.php?rest_route=\/wp\/v2\/types\/product"}],"replies":[{"embeddable":true,"href":"https:\/\/jlfsas.com\/index.php?rest_route=%2Fwp%2Fv2%2Fcomments&post=1036"}],"wp:featuredmedia":[{"embeddable":true,"href":"https:\/\/jlfsas.com\/index.php?rest_route=\/wp\/v2\/media\/827"}],"wp:attachment":[{"href":"https:\/\/jlfsas.com\/index.php?rest_route=%2Fwp%2Fv2%2Fmedia&parent=1036"}],"wp:term":[{"taxonomy":"product_cat","embeddable":true,"href":"https:\/\/jlfsas.com\/index.php?rest_route=%2Fwp%2Fv2%2Fproduct_cat&post=1036"},{"taxonomy":"product_tag","embeddable":true,"href":"https:\/\/jlfsas.com\/index.php?rest_route=%2Fwp%2Fv2%2Fproduct_tag&post=1036"}],"curies":[{"name":"wp","href":"https:\/\/api.w.org\/{rel}","templated":true}]}}