{"id":1033,"date":"2023-05-22T15:06:52","date_gmt":"2023-05-22T15:06:52","guid":{"rendered":"https:\/\/jlfsas.com\/?post_type=product&#038;p=1033"},"modified":"2023-05-24T12:54:12","modified_gmt":"2023-05-24T12:54:12","slug":"fibromac","status":"publish","type":"product","link":"https:\/\/jlfsas.com\/?product=fibromac","title":{"rendered":"Fibromac"},"content":{"rendered":"<p>Fibras sint\u00e9ticas de polipropileno qu\u00edmicamente inertes, estables y resistentes al medio alcalino. No absorben agua y no se oxidan.<\/p>\n<p>Las fibras de polipropileno FibroMac\u00ae son compuestas por filamentos extremadamente finos, producidos a trav\u00e9s de proceso de extrusi\u00f3n, su uso es indicado en concreto y argamasas, ya que reducen el \u00edndice de fisuras provocadas por la retracci\u00f3n y asentamiento. Esto se debe a su capacidad de retenci\u00f3n de agua en el interior de estas. Adem\u00e1s de eso propician un control sobre los fen\u00f3menos de exudaci\u00f3n y segregaci\u00f3n.<\/p>\n<p><button style=\"background-color: red;\" spellcheck=\"false\" data-lt-tmp-id=\"lt-446323\" data-gramm=\"false\"><a style=\"color: white;\" href=\"http:\/\/jlfsas.com\/wp-content\/uploads\/2023\/05\/FibroMac-JLF-SAS.pdf\" target=\"_blank\" rel=\"noopener\">Descargar Ficha T\u00e9cnica<\/a> <\/button><\/p>\n","protected":false},"excerpt":{"rendered":"<p>Fibra de polipropileno para concretos y morteros.<\/p>\n","protected":false},"featured_media":1035,"comment_status":"open","ping_status":"closed","template":"","meta":[],"product_cat":[25,28],"product_tag":[],"_links":{"self":[{"href":"https:\/\/jlfsas.com\/index.php?rest_route=\/wp\/v3\/product\/1033"}],"collection":[{"href":"https:\/\/jlfsas.com\/index.php?rest_route=\/wp\/v3\/product"}],"about":[{"href":"https:\/\/jlfsas.com\/index.php?rest_route=\/wp\/v2\/types\/product"}],"replies":[{"embeddable":true,"href":"https:\/\/jlfsas.com\/index.php?rest_route=%2Fwp%2Fv2%2Fcomments&post=1033"}],"wp:featuredmedia":[{"embeddable":true,"href":"https:\/\/jlfsas.com\/index.php?rest_route=\/wp\/v2\/media\/1035"}],"wp:attachment":[{"href":"https:\/\/jlfsas.com\/index.php?rest_route=%2Fwp%2Fv2%2Fmedia&parent=1033"}],"wp:term":[{"taxonomy":"product_cat","embeddable":true,"href":"https:\/\/jlfsas.com\/index.php?rest_route=%2Fwp%2Fv2%2Fproduct_cat&post=1033"},{"taxonomy":"product_tag","embeddable":true,"href":"https:\/\/jlfsas.com\/index.php?rest_route=%2Fwp%2Fv2%2Fproduct_tag&post=1033"}],"curies":[{"name":"wp","href":"https:\/\/api.w.org\/{rel}","templated":true}]}}