{"id":1026,"date":"2023-05-22T14:47:13","date_gmt":"2023-05-22T14:47:13","guid":{"rendered":"https:\/\/jlfsas.com\/?post_type=product&#038;p=1026"},"modified":"2023-05-22T14:56:37","modified_gmt":"2023-05-22T14:56:37","slug":"sikadur-combiflex-sg-system","status":"publish","type":"product","link":"https:\/\/jlfsas.com\/?product=sikadur-combiflex-sg-system","title":{"rendered":"Sikadur &#8211; Combiflex SG System"},"content":{"rendered":"<p>Sikadur-Combiflex\u00ae SG System es un sistema de sellado vers\u00e1til y de alta performance para juntas de construcci\u00f3n, dilataci\u00f3n, contracci\u00f3n y conexi\u00f3n.<br \/>\nEl sistema permite movimientos variables y en diversas direcciones, a la vez que se mantiene herm\u00e9tico.<br \/>\nEl Sikadur-Combiflex\u00ae SG System consiste en una cinta impermeable de poliolefina flexible modificada (FPO) con un adhesivo ep\u00f3xico Sikadur\u00ae de alta adherencia.<br \/>\nAltamente flexible: alta capacidad de rotura y uni\u00f3n de juntas.<br \/>\nAlta adherencia, no se requiere activaci\u00f3n de la cinta en obra.<br \/>\nF\u00e1cil de instalar.<\/p>\n<p><button style=\"background-color: red;\" spellcheck=\"false\" data-lt-tmp-id=\"lt-446323\" data-gramm=\"false\"><a style=\"color: white;\" href=\"http:\/\/jlfsas.com\/wp-content\/uploads\/2023\/05\/Sikadur-Combiflexsg-10m-JLF-SAS.pdf\" target=\"_blank\" rel=\"noopener\">Descargar Ficha T\u00e9cnica<\/a> <\/button><\/p>\n","protected":false},"excerpt":{"rendered":"<p>Sikadur-Combiflex\u00ae SG System es un sistema de sellado vers\u00e1til y de alta performance para juntas de construcci\u00f3n, dilataci\u00f3n, contracci\u00f3n y conexi\u00f3n.<\/p>\n","protected":false},"featured_media":1028,"comment_status":"open","ping_status":"closed","template":"","meta":[],"product_cat":[24],"product_tag":[],"_links":{"self":[{"href":"https:\/\/jlfsas.com\/index.php?rest_route=\/wp\/v3\/product\/1026"}],"collection":[{"href":"https:\/\/jlfsas.com\/index.php?rest_route=\/wp\/v3\/product"}],"about":[{"href":"https:\/\/jlfsas.com\/index.php?rest_route=\/wp\/v2\/types\/product"}],"replies":[{"embeddable":true,"href":"https:\/\/jlfsas.com\/index.php?rest_route=%2Fwp%2Fv2%2Fcomments&post=1026"}],"wp:featuredmedia":[{"embeddable":true,"href":"https:\/\/jlfsas.com\/index.php?rest_route=\/wp\/v2\/media\/1028"}],"wp:attachment":[{"href":"https:\/\/jlfsas.com\/index.php?rest_route=%2Fwp%2Fv2%2Fmedia&parent=1026"}],"wp:term":[{"taxonomy":"product_cat","embeddable":true,"href":"https:\/\/jlfsas.com\/index.php?rest_route=%2Fwp%2Fv2%2Fproduct_cat&post=1026"},{"taxonomy":"product_tag","embeddable":true,"href":"https:\/\/jlfsas.com\/index.php?rest_route=%2Fwp%2Fv2%2Fproduct_tag&post=1026"}],"curies":[{"name":"wp","href":"https:\/\/api.w.org\/{rel}","templated":true}]}}