{"id":1023,"date":"2023-05-17T15:01:31","date_gmt":"2023-05-17T15:01:31","guid":{"rendered":"https:\/\/jlfsas.com\/?post_type=product&#038;p=1023"},"modified":"2023-05-17T15:05:43","modified_gmt":"2023-05-17T15:05:43","slug":"sika-antisol-blanco","status":"publish","type":"product","link":"https:\/\/jlfsas.com\/?product=sika-antisol-blanco","title":{"rendered":"Sika AntiSol Blanco"},"content":{"rendered":"<p>Sika\u00ae Antisol\u00ae Blanco es un compuesto l\u00edquido para la formaci\u00f3n de membranas de curado para hormig\u00f3n, desarrollado a partir de resinas vehiculizadas en solventes.<\/p>\n<p>No es t\u00f3xico, no contiene cloruros, no es corrosivo.<br \/>\nReduce la evaporaci\u00f3n del agua de amasado del hormig\u00f3n asegurando un eficiente curado del mismo reduciendo la fisuraci\u00f3n de contracci\u00f3n por secado. Esto es importante en el caso de pavimentos en donde la disminuci\u00f3n de la contracci\u00f3n evita fisuraciones indeseables, no siendo necesario ning\u00fan otro sistema de curado hasta su endurecimiento final.<br \/>\nPor su pigmentaci\u00f3n blanca, la membrana formada, tiene gran reflectancia a la luz solar, disminuyendo la absorci\u00f3n de calor del hormig\u00f3n y por ende se evita que aumente la temperatura del mismo. <\/p>\n<p><button style=\"background-color: red;\" spellcheck=\"false\" data-lt-tmp-id=\"lt-446323\" data-gramm=\"false\"><a style=\"color: white;\" href=\"http:\/\/jlfsas.com\/wp-content\/uploads\/2023\/05\/Sika\u00ae-Antisol\u00ae-Blanco-JLF-SAS.pdf\" target=\"_blank\" rel=\"noopener\">Descargar Ficha T\u00e9cnica<\/a> <\/button><\/p>\n","protected":false},"excerpt":{"rendered":"<p>Compuesto liquido con solventes para el curado del hormig\u00f3n.<\/p>\n","protected":false},"featured_media":827,"comment_status":"open","ping_status":"closed","template":"","meta":[],"product_cat":[25],"product_tag":[],"_links":{"self":[{"href":"https:\/\/jlfsas.com\/index.php?rest_route=\/wp\/v3\/product\/1023"}],"collection":[{"href":"https:\/\/jlfsas.com\/index.php?rest_route=\/wp\/v3\/product"}],"about":[{"href":"https:\/\/jlfsas.com\/index.php?rest_route=\/wp\/v2\/types\/product"}],"replies":[{"embeddable":true,"href":"https:\/\/jlfsas.com\/index.php?rest_route=%2Fwp%2Fv2%2Fcomments&post=1023"}],"wp:featuredmedia":[{"embeddable":true,"href":"https:\/\/jlfsas.com\/index.php?rest_route=\/wp\/v2\/media\/827"}],"wp:attachment":[{"href":"https:\/\/jlfsas.com\/index.php?rest_route=%2Fwp%2Fv2%2Fmedia&parent=1023"}],"wp:term":[{"taxonomy":"product_cat","embeddable":true,"href":"https:\/\/jlfsas.com\/index.php?rest_route=%2Fwp%2Fv2%2Fproduct_cat&post=1023"},{"taxonomy":"product_tag","embeddable":true,"href":"https:\/\/jlfsas.com\/index.php?rest_route=%2Fwp%2Fv2%2Fproduct_tag&post=1023"}],"curies":[{"name":"wp","href":"https:\/\/api.w.org\/{rel}","templated":true}]}}